{"id":3185,"date":"2025-06-26T09:35:39","date_gmt":"2025-06-26T06:35:39","guid":{"rendered":"https:\/\/hunsicham.ro\/?post_type=product&#038;p=3185"},"modified":"2026-02-04T10:24:00","modified_gmt":"2026-02-04T08:24:00","slug":"queen-and-king-night-copy","status":"publish","type":"product","link":"https:\/\/hunsicham.ro\/hu\/termek\/queen-and-king-night-copy\/","title":{"rendered":"Prince &amp; Princess"},"content":{"rendered":"<p>Masaj Hammam K\u00fcp\u00fck cu spum\u0103<br \/>\nMasaj cu uleiuri organice<\/p>\n<p>pentru 2 pers.<br \/>\n150-180 min.<\/p>\n","protected":false},"excerpt":{"rendered":"<p>Masaj Hammam K\u00fcp\u00fck cu spum\u0103 Masaj cu uleiuri organice pentru 2 pers. 150-180 min.<\/p>\n","protected":false},"featured_media":2512,"comment_status":"closed","ping_status":"closed","template":"","meta":[],"product_brand":[],"product_cat":[46],"product_tag":[],"class_list":{"0":"post-3185","1":"product","2":"type-product","3":"status-publish","4":"has-post-thumbnail","6":"product_cat-ritualek","8":"first","9":"instock","10":"virtual","11":"taxable","12":"purchasable","13":"product-type-simple"},"yoast_head":"<!-- This site is optimized with the Yoast SEO plugin v27.3 - https:\/\/yoast.com\/product\/yoast-seo-wordpress\/ -->\n<title>Prince &amp; Princess - Hunsicham - Masaj, Relax, Tratament - Cluj-Napoca<\/title>\n<meta name=\"robots\" content=\"index, follow, max-snippet:-1, max-image-preview:large, max-video-preview:-1\" \/>\n<link rel=\"canonical\" href=\"https:\/\/hunsicham.ro\/hu\/termek\/queen-and-king-night-copy\/\" \/>\n<meta property=\"og:locale\" content=\"hu_HU\" \/>\n<meta property=\"og:type\" content=\"article\" \/>\n<meta property=\"og:title\" content=\"Prince &amp; Princess - Hunsicham - Masaj, Relax, Tratament - Cluj-Napoca\" \/>\n<meta property=\"og:description\" content=\"Masaj Hammam K\u00fcp\u00fck cu spum\u0103 Masaj cu uleiuri organice pentru 2 pers. 150-180 min.\" \/>\n<meta property=\"og:url\" content=\"https:\/\/hunsicham.ro\/hu\/termek\/queen-and-king-night-copy\/\" \/>\n<meta property=\"og:site_name\" content=\"Hunsicham - Masaj, Relax, Tratament - Cluj-Napoca\" \/>\n<meta property=\"article:modified_time\" content=\"2026-02-04T08:24:00+00:00\" \/>\n<meta property=\"og:image\" content=\"https:\/\/hunsicham.ro\/wp-content\/uploads\/2025\/04\/hunsicham_27.webp\" \/>\n\t<meta property=\"og:image:width\" content=\"750\" \/>\n\t<meta property=\"og:image:height\" content=\"1000\" \/>\n\t<meta property=\"og:image:type\" content=\"image\/webp\" \/>\n<meta name=\"twitter:card\" content=\"summary_large_image\" \/>\n<script type=\"application\/ld+json\" class=\"yoast-schema-graph\">{\"@context\":\"https:\\\/\\\/schema.org\",\"@graph\":[{\"@type\":\"WebPage\",\"@id\":\"https:\\\/\\\/hunsicham.ro\\\/hu\\\/termek\\\/queen-and-king-night-copy\\\/\",\"url\":\"https:\\\/\\\/hunsicham.ro\\\/hu\\\/termek\\\/queen-and-king-night-copy\\\/\",\"name\":\"Prince &amp; Princess - Hunsicham - Masaj, Relax, Tratament - Cluj-Napoca\",\"isPartOf\":{\"@id\":\"https:\\\/\\\/hunsicham.ro\\\/#website\"},\"primaryImageOfPage\":{\"@id\":\"https:\\\/\\\/hunsicham.ro\\\/hu\\\/termek\\\/queen-and-king-night-copy\\\/#primaryimage\"},\"image\":{\"@id\":\"https:\\\/\\\/hunsicham.ro\\\/hu\\\/termek\\\/queen-and-king-night-copy\\\/#primaryimage\"},\"thumbnailUrl\":\"https:\\\/\\\/hunsicham.ro\\\/wp-content\\\/uploads\\\/2025\\\/04\\\/hunsicham_27.webp\",\"datePublished\":\"2025-06-26T06:35:39+00:00\",\"dateModified\":\"2026-02-04T08:24:00+00:00\",\"breadcrumb\":{\"@id\":\"https:\\\/\\\/hunsicham.ro\\\/hu\\\/termek\\\/queen-and-king-night-copy\\\/#breadcrumb\"},\"inLanguage\":\"hu\",\"potentialAction\":[{\"@type\":\"ReadAction\",\"target\":[\"https:\\\/\\\/hunsicham.ro\\\/hu\\\/termek\\\/queen-and-king-night-copy\\\/\"]}]},{\"@type\":\"ImageObject\",\"inLanguage\":\"hu\",\"@id\":\"https:\\\/\\\/hunsicham.ro\\\/hu\\\/termek\\\/queen-and-king-night-copy\\\/#primaryimage\",\"url\":\"https:\\\/\\\/hunsicham.ro\\\/wp-content\\\/uploads\\\/2025\\\/04\\\/hunsicham_27.webp\",\"contentUrl\":\"https:\\\/\\\/hunsicham.ro\\\/wp-content\\\/uploads\\\/2025\\\/04\\\/hunsicham_27.webp\",\"width\":750,\"height\":1000},{\"@type\":\"BreadcrumbList\",\"@id\":\"https:\\\/\\\/hunsicham.ro\\\/hu\\\/termek\\\/queen-and-king-night-copy\\\/#breadcrumb\",\"itemListElement\":[{\"@type\":\"ListItem\",\"position\":1,\"name\":\"Prima pagin\u0103\",\"item\":\"https:\\\/\\\/hunsicham.ro\\\/\"},{\"@type\":\"ListItem\",\"position\":2,\"name\":\"Shop\",\"item\":\"https:\\\/\\\/hunsicham.ro\\\/hu\\\/shop\\\/\"},{\"@type\":\"ListItem\",\"position\":3,\"name\":\"Prince &amp; Princess\"}]},{\"@type\":\"WebSite\",\"@id\":\"https:\\\/\\\/hunsicham.ro\\\/#website\",\"url\":\"https:\\\/\\\/hunsicham.ro\\\/\",\"name\":\"Hunsicham - Masaj, Relax, Tratament - Cluj-Napoca\",\"description\":\"\",\"publisher\":{\"@id\":\"https:\\\/\\\/hunsicham.ro\\\/#organization\"},\"potentialAction\":[{\"@type\":\"SearchAction\",\"target\":{\"@type\":\"EntryPoint\",\"urlTemplate\":\"https:\\\/\\\/hunsicham.ro\\\/?s={search_term_string}\"},\"query-input\":{\"@type\":\"PropertyValueSpecification\",\"valueRequired\":true,\"valueName\":\"search_term_string\"}}],\"inLanguage\":\"hu\"},{\"@type\":\"Organization\",\"@id\":\"https:\\\/\\\/hunsicham.ro\\\/#organization\",\"name\":\"Hunsicham - Masaj, Relax, Tratament - Cluj-Napoca\",\"url\":\"https:\\\/\\\/hunsicham.ro\\\/\",\"logo\":{\"@type\":\"ImageObject\",\"inLanguage\":\"hu\",\"@id\":\"https:\\\/\\\/hunsicham.ro\\\/#\\\/schema\\\/logo\\\/image\\\/\",\"url\":\"https:\\\/\\\/hunsicham.ro\\\/wp-content\\\/uploads\\\/2023\\\/11\\\/hunsicham-LogoArtboard-17.png\",\"contentUrl\":\"https:\\\/\\\/hunsicham.ro\\\/wp-content\\\/uploads\\\/2023\\\/11\\\/hunsicham-LogoArtboard-17.png\",\"width\":2000,\"height\":687,\"caption\":\"Hunsicham - Masaj, Relax, Tratament - Cluj-Napoca\"},\"image\":{\"@id\":\"https:\\\/\\\/hunsicham.ro\\\/#\\\/schema\\\/logo\\\/image\\\/\"}}]}<\/script>\n<!-- \/ Yoast SEO plugin. -->","yoast_head_json":{"title":"Prince &amp; Princess - Hunsicham - Masaj, Relax, Tratament - Cluj-Napoca","robots":{"index":"index","follow":"follow","max-snippet":"max-snippet:-1","max-image-preview":"max-image-preview:large","max-video-preview":"max-video-preview:-1"},"canonical":"https:\/\/hunsicham.ro\/hu\/termek\/queen-and-king-night-copy\/","og_locale":"hu_HU","og_type":"article","og_title":"Prince &amp; Princess - Hunsicham - Masaj, Relax, Tratament - Cluj-Napoca","og_description":"Masaj Hammam K\u00fcp\u00fck cu spum\u0103 Masaj cu uleiuri organice pentru 2 pers. 150-180 min.","og_url":"https:\/\/hunsicham.ro\/hu\/termek\/queen-and-king-night-copy\/","og_site_name":"Hunsicham - Masaj, Relax, Tratament - Cluj-Napoca","article_modified_time":"2026-02-04T08:24:00+00:00","og_image":[{"width":750,"height":1000,"url":"https:\/\/hunsicham.ro\/wp-content\/uploads\/2025\/04\/hunsicham_27.webp","type":"image\/webp"}],"twitter_card":"summary_large_image","schema":{"@context":"https:\/\/schema.org","@graph":[{"@type":"WebPage","@id":"https:\/\/hunsicham.ro\/hu\/termek\/queen-and-king-night-copy\/","url":"https:\/\/hunsicham.ro\/hu\/termek\/queen-and-king-night-copy\/","name":"Prince &amp; Princess - Hunsicham - Masaj, Relax, Tratament - Cluj-Napoca","isPartOf":{"@id":"https:\/\/hunsicham.ro\/#website"},"primaryImageOfPage":{"@id":"https:\/\/hunsicham.ro\/hu\/termek\/queen-and-king-night-copy\/#primaryimage"},"image":{"@id":"https:\/\/hunsicham.ro\/hu\/termek\/queen-and-king-night-copy\/#primaryimage"},"thumbnailUrl":"https:\/\/hunsicham.ro\/wp-content\/uploads\/2025\/04\/hunsicham_27.webp","datePublished":"2025-06-26T06:35:39+00:00","dateModified":"2026-02-04T08:24:00+00:00","breadcrumb":{"@id":"https:\/\/hunsicham.ro\/hu\/termek\/queen-and-king-night-copy\/#breadcrumb"},"inLanguage":"hu","potentialAction":[{"@type":"ReadAction","target":["https:\/\/hunsicham.ro\/hu\/termek\/queen-and-king-night-copy\/"]}]},{"@type":"ImageObject","inLanguage":"hu","@id":"https:\/\/hunsicham.ro\/hu\/termek\/queen-and-king-night-copy\/#primaryimage","url":"https:\/\/hunsicham.ro\/wp-content\/uploads\/2025\/04\/hunsicham_27.webp","contentUrl":"https:\/\/hunsicham.ro\/wp-content\/uploads\/2025\/04\/hunsicham_27.webp","width":750,"height":1000},{"@type":"BreadcrumbList","@id":"https:\/\/hunsicham.ro\/hu\/termek\/queen-and-king-night-copy\/#breadcrumb","itemListElement":[{"@type":"ListItem","position":1,"name":"Prima pagin\u0103","item":"https:\/\/hunsicham.ro\/"},{"@type":"ListItem","position":2,"name":"Shop","item":"https:\/\/hunsicham.ro\/hu\/shop\/"},{"@type":"ListItem","position":3,"name":"Prince &amp; Princess"}]},{"@type":"WebSite","@id":"https:\/\/hunsicham.ro\/#website","url":"https:\/\/hunsicham.ro\/","name":"Hunsicham - Masaj, Relax, Tratament - Cluj-Napoca","description":"","publisher":{"@id":"https:\/\/hunsicham.ro\/#organization"},"potentialAction":[{"@type":"SearchAction","target":{"@type":"EntryPoint","urlTemplate":"https:\/\/hunsicham.ro\/?s={search_term_string}"},"query-input":{"@type":"PropertyValueSpecification","valueRequired":true,"valueName":"search_term_string"}}],"inLanguage":"hu"},{"@type":"Organization","@id":"https:\/\/hunsicham.ro\/#organization","name":"Hunsicham - Masaj, Relax, Tratament - Cluj-Napoca","url":"https:\/\/hunsicham.ro\/","logo":{"@type":"ImageObject","inLanguage":"hu","@id":"https:\/\/hunsicham.ro\/#\/schema\/logo\/image\/","url":"https:\/\/hunsicham.ro\/wp-content\/uploads\/2023\/11\/hunsicham-LogoArtboard-17.png","contentUrl":"https:\/\/hunsicham.ro\/wp-content\/uploads\/2023\/11\/hunsicham-LogoArtboard-17.png","width":2000,"height":687,"caption":"Hunsicham - Masaj, Relax, Tratament - Cluj-Napoca"},"image":{"@id":"https:\/\/hunsicham.ro\/#\/schema\/logo\/image\/"}}]}},"_links":{"self":[{"href":"https:\/\/hunsicham.ro\/hu\/wp-json\/wp\/v2\/product\/3185","targetHints":{"allow":["GET"]}}],"collection":[{"href":"https:\/\/hunsicham.ro\/hu\/wp-json\/wp\/v2\/product"}],"about":[{"href":"https:\/\/hunsicham.ro\/hu\/wp-json\/wp\/v2\/types\/product"}],"replies":[{"embeddable":true,"href":"https:\/\/hunsicham.ro\/hu\/wp-json\/wp\/v2\/comments?post=3185"}],"wp:featuredmedia":[{"embeddable":true,"href":"https:\/\/hunsicham.ro\/hu\/wp-json\/wp\/v2\/media\/2512"}],"wp:attachment":[{"href":"https:\/\/hunsicham.ro\/hu\/wp-json\/wp\/v2\/media?parent=3185"}],"wp:term":[{"taxonomy":"product_brand","embeddable":true,"href":"https:\/\/hunsicham.ro\/hu\/wp-json\/wp\/v2\/product_brand?post=3185"},{"taxonomy":"product_cat","embeddable":true,"href":"https:\/\/hunsicham.ro\/hu\/wp-json\/wp\/v2\/product_cat?post=3185"},{"taxonomy":"product_tag","embeddable":true,"href":"https:\/\/hunsicham.ro\/hu\/wp-json\/wp\/v2\/product_tag?post=3185"}],"curies":[{"name":"wp","href":"https:\/\/api.w.org\/{rel}","templated":true}]}}