{"id":2904,"date":"2025-05-06T10:48:00","date_gmt":"2025-05-06T07:48:00","guid":{"rendered":"https:\/\/hunsicham.ro\/product\/revital-arc-talp\/"},"modified":"2025-05-06T10:48:00","modified_gmt":"2025-05-06T07:48:00","slug":"revital-arc-talp","status":"publish","type":"product","link":"https:\/\/hunsicham.ro\/hu\/termek\/revital-arc-talp\/","title":{"rendered":"Revital (arc\u2013talp)"},"content":{"rendered":"<p>Term\u00e9szetes arclifting friss\u00edt\u0151 talpreflexol\u00f3gi\u00e1val kombin\u00e1lva.<\/p>\n","protected":false},"excerpt":{"rendered":"<p>Term\u00e9szetes arclifting friss\u00edt\u0151 talpreflexol\u00f3gi\u00e1val kombin\u00e1lva.<\/p>\n","protected":false},"featured_media":2482,"comment_status":"closed","ping_status":"closed","template":"","meta":[],"product_brand":[],"product_cat":[45],"product_tag":[],"class_list":{"0":"post-2904","1":"product","2":"type-product","3":"status-publish","4":"has-post-thumbnail","6":"product_cat-masszazs","8":"first","9":"instock","10":"taxable","11":"shipping-taxable","12":"purchasable","13":"product-type-simple"},"yoast_head":"<!-- This site is optimized with the Yoast SEO plugin v27.3 - https:\/\/yoast.com\/product\/yoast-seo-wordpress\/ -->\n<title>Revital (arc\u2013talp) - Hunsicham - Masaj, Relax, Tratament - Cluj-Napoca<\/title>\n<meta name=\"robots\" content=\"index, follow, max-snippet:-1, max-image-preview:large, max-video-preview:-1\" \/>\n<link rel=\"canonical\" href=\"https:\/\/hunsicham.ro\/termek\/revital-fata-talpi\/\" \/>\n<meta property=\"og:locale\" content=\"hu_HU\" \/>\n<meta property=\"og:type\" content=\"article\" \/>\n<meta property=\"og:title\" content=\"Revital (arc\u2013talp) - Hunsicham - Masaj, Relax, Tratament - Cluj-Napoca\" \/>\n<meta property=\"og:description\" content=\"Term\u00e9szetes arclifting friss\u00edt\u0151 talpreflexol\u00f3gi\u00e1val kombin\u00e1lva.\" \/>\n<meta property=\"og:url\" content=\"https:\/\/hunsicham.ro\/termek\/revital-fata-talpi\/\" \/>\n<meta property=\"og:site_name\" content=\"Hunsicham - Masaj, Relax, Tratament - Cluj-Napoca\" \/>\n<meta property=\"og:image\" content=\"https:\/\/hunsicham.ro\/wp-content\/uploads\/2025\/04\/hunsicham_reflexo.webp\" \/>\n\t<meta property=\"og:image:width\" content=\"700\" \/>\n\t<meta property=\"og:image:height\" content=\"800\" \/>\n\t<meta property=\"og:image:type\" content=\"image\/webp\" \/>\n<meta name=\"twitter:card\" content=\"summary_large_image\" \/>\n<script type=\"application\/ld+json\" class=\"yoast-schema-graph\">{\"@context\":\"https:\\\/\\\/schema.org\",\"@graph\":[{\"@type\":\"WebPage\",\"@id\":\"https:\\\/\\\/hunsicham.ro\\\/termek\\\/revital-fata-talpi\\\/\",\"url\":\"https:\\\/\\\/hunsicham.ro\\\/termek\\\/revital-fata-talpi\\\/\",\"name\":\"Revital (arc\u2013talp) - Hunsicham - Masaj, Relax, Tratament - Cluj-Napoca\",\"isPartOf\":{\"@id\":\"https:\\\/\\\/hunsicham.ro\\\/#website\"},\"primaryImageOfPage\":{\"@id\":\"https:\\\/\\\/hunsicham.ro\\\/termek\\\/revital-fata-talpi\\\/#primaryimage\"},\"image\":{\"@id\":\"https:\\\/\\\/hunsicham.ro\\\/termek\\\/revital-fata-talpi\\\/#primaryimage\"},\"thumbnailUrl\":\"https:\\\/\\\/hunsicham.ro\\\/wp-content\\\/uploads\\\/2025\\\/04\\\/hunsicham_reflexo.webp\",\"datePublished\":\"2025-05-06T07:48:00+00:00\",\"breadcrumb\":{\"@id\":\"https:\\\/\\\/hunsicham.ro\\\/termek\\\/revital-fata-talpi\\\/#breadcrumb\"},\"inLanguage\":\"hu\",\"potentialAction\":[{\"@type\":\"ReadAction\",\"target\":[\"https:\\\/\\\/hunsicham.ro\\\/termek\\\/revital-fata-talpi\\\/\"]}]},{\"@type\":\"ImageObject\",\"inLanguage\":\"hu\",\"@id\":\"https:\\\/\\\/hunsicham.ro\\\/termek\\\/revital-fata-talpi\\\/#primaryimage\",\"url\":\"https:\\\/\\\/hunsicham.ro\\\/wp-content\\\/uploads\\\/2025\\\/04\\\/hunsicham_reflexo.webp\",\"contentUrl\":\"https:\\\/\\\/hunsicham.ro\\\/wp-content\\\/uploads\\\/2025\\\/04\\\/hunsicham_reflexo.webp\",\"width\":700,\"height\":800},{\"@type\":\"BreadcrumbList\",\"@id\":\"https:\\\/\\\/hunsicham.ro\\\/termek\\\/revital-fata-talpi\\\/#breadcrumb\",\"itemListElement\":[{\"@type\":\"ListItem\",\"position\":1,\"name\":\"Prima pagin\u0103\",\"item\":\"https:\\\/\\\/hunsicham.ro\\\/\"},{\"@type\":\"ListItem\",\"position\":2,\"name\":\"Shop\",\"item\":\"https:\\\/\\\/hunsicham.ro\\\/hu\\\/shop\\\/\"},{\"@type\":\"ListItem\",\"position\":3,\"name\":\"Revital (arc\u2013talp)\"}]},{\"@type\":\"WebSite\",\"@id\":\"https:\\\/\\\/hunsicham.ro\\\/#website\",\"url\":\"https:\\\/\\\/hunsicham.ro\\\/\",\"name\":\"Hunsicham - Masaj, Relax, Tratament - Cluj-Napoca\",\"description\":\"\",\"publisher\":{\"@id\":\"https:\\\/\\\/hunsicham.ro\\\/#organization\"},\"potentialAction\":[{\"@type\":\"SearchAction\",\"target\":{\"@type\":\"EntryPoint\",\"urlTemplate\":\"https:\\\/\\\/hunsicham.ro\\\/?s={search_term_string}\"},\"query-input\":{\"@type\":\"PropertyValueSpecification\",\"valueRequired\":true,\"valueName\":\"search_term_string\"}}],\"inLanguage\":\"hu\"},{\"@type\":\"Organization\",\"@id\":\"https:\\\/\\\/hunsicham.ro\\\/#organization\",\"name\":\"Hunsicham - Masaj, Relax, Tratament - Cluj-Napoca\",\"url\":\"https:\\\/\\\/hunsicham.ro\\\/\",\"logo\":{\"@type\":\"ImageObject\",\"inLanguage\":\"hu\",\"@id\":\"https:\\\/\\\/hunsicham.ro\\\/#\\\/schema\\\/logo\\\/image\\\/\",\"url\":\"https:\\\/\\\/hunsicham.ro\\\/wp-content\\\/uploads\\\/2023\\\/11\\\/hunsicham-LogoArtboard-17.png\",\"contentUrl\":\"https:\\\/\\\/hunsicham.ro\\\/wp-content\\\/uploads\\\/2023\\\/11\\\/hunsicham-LogoArtboard-17.png\",\"width\":2000,\"height\":687,\"caption\":\"Hunsicham - Masaj, Relax, Tratament - Cluj-Napoca\"},\"image\":{\"@id\":\"https:\\\/\\\/hunsicham.ro\\\/#\\\/schema\\\/logo\\\/image\\\/\"}}]}<\/script>\n<!-- \/ Yoast SEO plugin. -->","yoast_head_json":{"title":"Revital (arc\u2013talp) - Hunsicham - Masaj, Relax, Tratament - Cluj-Napoca","robots":{"index":"index","follow":"follow","max-snippet":"max-snippet:-1","max-image-preview":"max-image-preview:large","max-video-preview":"max-video-preview:-1"},"canonical":"https:\/\/hunsicham.ro\/termek\/revital-fata-talpi\/","og_locale":"hu_HU","og_type":"article","og_title":"Revital (arc\u2013talp) - Hunsicham - Masaj, Relax, Tratament - Cluj-Napoca","og_description":"Term\u00e9szetes arclifting friss\u00edt\u0151 talpreflexol\u00f3gi\u00e1val kombin\u00e1lva.","og_url":"https:\/\/hunsicham.ro\/termek\/revital-fata-talpi\/","og_site_name":"Hunsicham - Masaj, Relax, Tratament - Cluj-Napoca","og_image":[{"width":700,"height":800,"url":"https:\/\/hunsicham.ro\/wp-content\/uploads\/2025\/04\/hunsicham_reflexo.webp","type":"image\/webp"}],"twitter_card":"summary_large_image","schema":{"@context":"https:\/\/schema.org","@graph":[{"@type":"WebPage","@id":"https:\/\/hunsicham.ro\/termek\/revital-fata-talpi\/","url":"https:\/\/hunsicham.ro\/termek\/revital-fata-talpi\/","name":"Revital (arc\u2013talp) - Hunsicham - Masaj, Relax, Tratament - Cluj-Napoca","isPartOf":{"@id":"https:\/\/hunsicham.ro\/#website"},"primaryImageOfPage":{"@id":"https:\/\/hunsicham.ro\/termek\/revital-fata-talpi\/#primaryimage"},"image":{"@id":"https:\/\/hunsicham.ro\/termek\/revital-fata-talpi\/#primaryimage"},"thumbnailUrl":"https:\/\/hunsicham.ro\/wp-content\/uploads\/2025\/04\/hunsicham_reflexo.webp","datePublished":"2025-05-06T07:48:00+00:00","breadcrumb":{"@id":"https:\/\/hunsicham.ro\/termek\/revital-fata-talpi\/#breadcrumb"},"inLanguage":"hu","potentialAction":[{"@type":"ReadAction","target":["https:\/\/hunsicham.ro\/termek\/revital-fata-talpi\/"]}]},{"@type":"ImageObject","inLanguage":"hu","@id":"https:\/\/hunsicham.ro\/termek\/revital-fata-talpi\/#primaryimage","url":"https:\/\/hunsicham.ro\/wp-content\/uploads\/2025\/04\/hunsicham_reflexo.webp","contentUrl":"https:\/\/hunsicham.ro\/wp-content\/uploads\/2025\/04\/hunsicham_reflexo.webp","width":700,"height":800},{"@type":"BreadcrumbList","@id":"https:\/\/hunsicham.ro\/termek\/revital-fata-talpi\/#breadcrumb","itemListElement":[{"@type":"ListItem","position":1,"name":"Prima pagin\u0103","item":"https:\/\/hunsicham.ro\/"},{"@type":"ListItem","position":2,"name":"Shop","item":"https:\/\/hunsicham.ro\/hu\/shop\/"},{"@type":"ListItem","position":3,"name":"Revital (arc\u2013talp)"}]},{"@type":"WebSite","@id":"https:\/\/hunsicham.ro\/#website","url":"https:\/\/hunsicham.ro\/","name":"Hunsicham - Masaj, Relax, Tratament - Cluj-Napoca","description":"","publisher":{"@id":"https:\/\/hunsicham.ro\/#organization"},"potentialAction":[{"@type":"SearchAction","target":{"@type":"EntryPoint","urlTemplate":"https:\/\/hunsicham.ro\/?s={search_term_string}"},"query-input":{"@type":"PropertyValueSpecification","valueRequired":true,"valueName":"search_term_string"}}],"inLanguage":"hu"},{"@type":"Organization","@id":"https:\/\/hunsicham.ro\/#organization","name":"Hunsicham - Masaj, Relax, Tratament - Cluj-Napoca","url":"https:\/\/hunsicham.ro\/","logo":{"@type":"ImageObject","inLanguage":"hu","@id":"https:\/\/hunsicham.ro\/#\/schema\/logo\/image\/","url":"https:\/\/hunsicham.ro\/wp-content\/uploads\/2023\/11\/hunsicham-LogoArtboard-17.png","contentUrl":"https:\/\/hunsicham.ro\/wp-content\/uploads\/2023\/11\/hunsicham-LogoArtboard-17.png","width":2000,"height":687,"caption":"Hunsicham - Masaj, Relax, Tratament - Cluj-Napoca"},"image":{"@id":"https:\/\/hunsicham.ro\/#\/schema\/logo\/image\/"}}]}},"_links":{"self":[{"href":"https:\/\/hunsicham.ro\/hu\/wp-json\/wp\/v2\/product\/2904","targetHints":{"allow":["GET"]}}],"collection":[{"href":"https:\/\/hunsicham.ro\/hu\/wp-json\/wp\/v2\/product"}],"about":[{"href":"https:\/\/hunsicham.ro\/hu\/wp-json\/wp\/v2\/types\/product"}],"replies":[{"embeddable":true,"href":"https:\/\/hunsicham.ro\/hu\/wp-json\/wp\/v2\/comments?post=2904"}],"wp:featuredmedia":[{"embeddable":true,"href":"https:\/\/hunsicham.ro\/hu\/wp-json\/wp\/v2\/media\/2482"}],"wp:attachment":[{"href":"https:\/\/hunsicham.ro\/hu\/wp-json\/wp\/v2\/media?parent=2904"}],"wp:term":[{"taxonomy":"product_brand","embeddable":true,"href":"https:\/\/hunsicham.ro\/hu\/wp-json\/wp\/v2\/product_brand?post=2904"},{"taxonomy":"product_cat","embeddable":true,"href":"https:\/\/hunsicham.ro\/hu\/wp-json\/wp\/v2\/product_cat?post=2904"},{"taxonomy":"product_tag","embeddable":true,"href":"https:\/\/hunsicham.ro\/hu\/wp-json\/wp\/v2\/product_tag?post=2904"}],"curies":[{"name":"wp","href":"https:\/\/api.w.org\/{rel}","templated":true}]}}