{"id":3717,"date":"2026-01-29T08:07:43","date_gmt":"2026-01-29T06:07:43","guid":{"rendered":"https:\/\/hunsicham.ro\/ajandekutalvany-voucher-felhasznalasi-feltetelek\/"},"modified":"2026-01-29T08:38:46","modified_gmt":"2026-01-29T06:38:46","slug":"ajandekutalvany-voucher-felhasznalasi-feltetelek","status":"publish","type":"page","link":"https:\/\/hunsicham.ro\/hu\/ajandekutalvany-voucher-felhasznalasi-feltetelek\/","title":{"rendered":"Aj\u00e1nd\u00e9kutalv\u00e1ny (Voucher) felhaszn\u00e1l\u00e1si felt\u00e9telek"},"content":{"rendered":"\t\t<div data-elementor-type=\"wp-page\" data-elementor-id=\"3717\" class=\"elementor elementor-3717 elementor-3701\" data-elementor-post-type=\"page\">\n\t\t\t\t<div class=\"elementor-element elementor-element-963be96 e-flex e-con-boxed e-con e-parent\" data-id=\"963be96\" data-element_type=\"container\" data-e-type=\"container\">\n\t\t\t\t\t<div class=\"e-con-inner\">\n\t\t\t\t<div class=\"elementor-element elementor-element-89a2c09 elementor-widget elementor-widget-heading\" data-id=\"89a2c09\" data-element_type=\"widget\" data-e-type=\"widget\" data-widget_type=\"heading.default\">\n\t\t\t\t<div class=\"elementor-widget-container\">\n\t\t\t\t\t<h2 class=\"elementor-heading-title elementor-size-default\">Aj\u00e1nd\u00e9kutalv\u00e1ny (Voucher) felhaszn\u00e1l\u00e1si felt\u00e9telek\n<\/h2>\t\t\t\t<\/div>\n\t\t\t\t<\/div>\n\t\t\t\t<div class=\"elementor-element elementor-element-e1a489e elementor-widget elementor-widget-text-editor\" data-id=\"e1a489e\" data-element_type=\"widget\" data-e-type=\"widget\" data-widget_type=\"text-editor.default\">\n\t\t\t\t<div class=\"elementor-widget-container\">\n\t\t\t\t\t\t\t\t\t<p>1.\u2060 \u2060Az aj\u00e1nd\u00e9kutalv\u00e1ny n\u00e9vre sz\u00f3l, nem \u00e1truh\u00e1zhat\u00f3, m\u00e1s szem\u00e9lyre nem \u00edrhat\u00f3 \u00e1t, nem \u00e9rt\u00e9kes\u00edthet\u0151 tov\u00e1bb.<\/p><p>2.\u2060 \u2060Az utalv\u00e1ny kiz\u00e1r\u00f3lag a rajta felt\u00fcntetett \u00e9rt\u00e9knek \u00e9s szolg\u00e1ltat\u00e1snak megfelel\u0151en haszn\u00e1lhat\u00f3 fel.<br>Az \u00e9rt\u00e9k nem bonthat\u00f3 fel t\u00f6bb alkalomra, nem alak\u00edthat\u00f3 \u00e1t r\u00f6videbb vagy olcs\u00f3bb kezel\u00e9sek sorozat\u00e1v\u00e1.<\/p><p>3.\u2060 \u2060Az aj\u00e1nd\u00e9kutalv\u00e1ny nem k\u00e9szp\u00e9nz-helyettes\u00edt\u0151 eszk\u00f6z, k\u00e9szp\u00e9nzre nem v\u00e1lthat\u00f3, visszat\u00e9r\u00edt\u00e9s nem k\u00e9rhet\u0151.<\/p><p>4.\u2060 \u2060Felhaszn\u00e1l\u00e1si hat\u00e1rid\u0151: 90 nap a v\u00e1s\u00e1rl\u00e1s d\u00e1tum\u00e1t\u00f3l sz\u00e1m\u00edtva.<br>A hat\u00e1rid\u0151 lej\u00e1rta ut\u00e1n az utalv\u00e1ny automatikusan \u00e9rv\u00e9ny\u00e9t veszti, hosszabb\u00edt\u00e1sra nincs lehet\u0151s\u00e9g.<\/p><p>5.\u2060 \u2060El\u0151zetes id\u0151pontfoglal\u00e1s k\u00f6telez\u0151, a felhaszn\u00e1l\u00e1s minden esetben a szabad kapacit\u00e1s f\u00fcggv\u00e9nye.<\/p><p>6.\u2060 \u2060Id\u0151pont lemond\u00e1sa minimum 48 \u00f3r\u00e1val kor\u00e1bban sz\u00fcks\u00e9ges.<br>Meg nem jelen\u00e9s vagy k\u00e9s\u0151i lemond\u00e1s eset\u00e9n az utalv\u00e1ny felhaszn\u00e1ltnak min\u0151s\u00fcl.<\/p><p>7.\u2060 \u2060H\u00e9tv\u00e9gi id\u0151pont (szombat\u2013vas\u00e1rnap) eset\u00e9n az aktu\u00e1lis h\u00e9tv\u00e9gi fel\u00e1r \/ \u00e9rt\u00e9kk\u00fcl\u00f6nb\u00f6zet a helysz\u00ednen fizetend\u0151, az utalv\u00e1ny \u00e9rt\u00e9k\u00e9n fel\u00fcl.<\/p><p>8.\u2060 \u2060Amennyiben a v\u00e1lasztott szolg\u00e1ltat\u00e1s \u00e9rt\u00e9ke meghaladja az aj\u00e1nd\u00e9kutalv\u00e1ny \u00f6sszeg\u00e9t, a k\u00fcl\u00f6nb\u00f6zet a helysz\u00ednen fizetend\u0151.<\/p><p>9.\u2060 \u2060Az aj\u00e1nd\u00e9kutalv\u00e1ny nem vonhat\u00f3 \u00f6ssze m\u00e1s kedvezm\u00e9nnyel, akci\u00f3val vagy prom\u00f3ci\u00f3val, kiv\u00e9ve, ha ezt k\u00fcl\u00f6n jelezz\u00fck.<\/p><p>10.\u2060 \u2060A Hunsicham VIP Spa Boutique fenntartja a jogot id\u0151pontm\u00f3dos\u00edt\u00e1sra vis maior vagy technikai okok eset\u00e9n; ilyen esetben \u00faj id\u0151pont ker\u00fcl egyeztet\u00e9sre.<\/p>\t\t\t\t\t\t\t\t<\/div>\n\t\t\t\t<\/div>\n\t\t\t\t\t<\/div>\n\t\t\t\t<\/div>\n\t\t\t\t<\/div>\n\t\t","protected":false},"excerpt":{"rendered":"<p>Aj\u00e1nd\u00e9kutalv\u00e1ny (Voucher) felhaszn\u00e1l\u00e1si felt\u00e9telek 1.\u2060 \u2060Az aj\u00e1nd\u00e9kutalv\u00e1ny n\u00e9vre sz\u00f3l, nem \u00e1truh\u00e1zhat\u00f3, m\u00e1s szem\u00e9lyre nem \u00edrhat\u00f3 \u00e1t, nem \u00e9rt\u00e9kes\u00edthet\u0151 tov\u00e1bb. 2.\u2060 \u2060Az utalv\u00e1ny kiz\u00e1r\u00f3lag a rajta felt\u00fcntetett \u00e9rt\u00e9knek \u00e9s szolg\u00e1ltat\u00e1snak megfelel\u0151en haszn\u00e1lhat\u00f3 fel.Az \u00e9rt\u00e9k nem bonthat\u00f3 fel t\u00f6bb alkalomra, nem alak\u00edthat\u00f3 \u00e1t r\u00f6videbb vagy olcs\u00f3bb kezel\u00e9sek sorozat\u00e1v\u00e1. 3.\u2060 \u2060Az aj\u00e1nd\u00e9kutalv\u00e1ny nem k\u00e9szp\u00e9nz-helyettes\u00edt\u0151 eszk\u00f6z, k\u00e9szp\u00e9nzre nem v\u00e1lthat\u00f3, [&hellip;]<\/p>\n","protected":false},"author":1,"featured_media":0,"parent":0,"menu_order":0,"comment_status":"closed","ping_status":"closed","template":"","meta":{"footnotes":""},"class_list":["post-3717","page","type-page","status-publish","hentry"],"yoast_head":"<!-- This site is optimized with the Yoast SEO plugin v27.3 - https:\/\/yoast.com\/product\/yoast-seo-wordpress\/ -->\n<title>Aj\u00e1nd\u00e9kutalv\u00e1ny (Voucher) felhaszn\u00e1l\u00e1si felt\u00e9telek - Hunsicham - Masaj, Relax, Tratament - Cluj-Napoca<\/title>\n<meta name=\"robots\" content=\"index, follow, max-snippet:-1, max-image-preview:large, max-video-preview:-1\" \/>\n<link rel=\"canonical\" href=\"https:\/\/hunsicham.ro\/hu\/ajandekutalvany-voucher-felhasznalasi-feltetelek\/\" \/>\n<meta property=\"og:locale\" content=\"hu_HU\" \/>\n<meta property=\"og:type\" content=\"article\" \/>\n<meta property=\"og:title\" content=\"Aj\u00e1nd\u00e9kutalv\u00e1ny (Voucher) felhaszn\u00e1l\u00e1si felt\u00e9telek - Hunsicham - Masaj, Relax, Tratament - Cluj-Napoca\" \/>\n<meta property=\"og:description\" content=\"Aj\u00e1nd\u00e9kutalv\u00e1ny (Voucher) felhaszn\u00e1l\u00e1si felt\u00e9telek 1.\u2060 \u2060Az aj\u00e1nd\u00e9kutalv\u00e1ny n\u00e9vre sz\u00f3l, nem \u00e1truh\u00e1zhat\u00f3, m\u00e1s szem\u00e9lyre nem \u00edrhat\u00f3 \u00e1t, nem \u00e9rt\u00e9kes\u00edthet\u0151 tov\u00e1bb. 2.\u2060 \u2060Az utalv\u00e1ny kiz\u00e1r\u00f3lag a rajta felt\u00fcntetett \u00e9rt\u00e9knek \u00e9s szolg\u00e1ltat\u00e1snak megfelel\u0151en haszn\u00e1lhat\u00f3 fel.Az \u00e9rt\u00e9k nem bonthat\u00f3 fel t\u00f6bb alkalomra, nem alak\u00edthat\u00f3 \u00e1t r\u00f6videbb vagy olcs\u00f3bb kezel\u00e9sek sorozat\u00e1v\u00e1. 3.\u2060 \u2060Az aj\u00e1nd\u00e9kutalv\u00e1ny nem k\u00e9szp\u00e9nz-helyettes\u00edt\u0151 eszk\u00f6z, k\u00e9szp\u00e9nzre nem v\u00e1lthat\u00f3, [&hellip;]\" \/>\n<meta property=\"og:url\" content=\"https:\/\/hunsicham.ro\/hu\/ajandekutalvany-voucher-felhasznalasi-feltetelek\/\" \/>\n<meta property=\"og:site_name\" content=\"Hunsicham - Masaj, Relax, Tratament - Cluj-Napoca\" \/>\n<meta property=\"article:modified_time\" content=\"2026-01-29T06:38:46+00:00\" \/>\n<meta name=\"twitter:card\" content=\"summary_large_image\" \/>\n<meta name=\"twitter:label1\" content=\"Becs\u00fclt olvas\u00e1si id\u0151\" \/>\n\t<meta name=\"twitter:data1\" content=\"2 perc\" \/>\n<script type=\"application\/ld+json\" class=\"yoast-schema-graph\">{\"@context\":\"https:\\\/\\\/schema.org\",\"@graph\":[{\"@type\":\"WebPage\",\"@id\":\"https:\\\/\\\/hunsicham.ro\\\/hu\\\/ajandekutalvany-voucher-felhasznalasi-feltetelek\\\/\",\"url\":\"https:\\\/\\\/hunsicham.ro\\\/hu\\\/ajandekutalvany-voucher-felhasznalasi-feltetelek\\\/\",\"name\":\"Aj\u00e1nd\u00e9kutalv\u00e1ny (Voucher) felhaszn\u00e1l\u00e1si felt\u00e9telek - Hunsicham - Masaj, Relax, Tratament - Cluj-Napoca\",\"isPartOf\":{\"@id\":\"https:\\\/\\\/hunsicham.ro\\\/#website\"},\"datePublished\":\"2026-01-29T06:07:43+00:00\",\"dateModified\":\"2026-01-29T06:38:46+00:00\",\"breadcrumb\":{\"@id\":\"https:\\\/\\\/hunsicham.ro\\\/hu\\\/ajandekutalvany-voucher-felhasznalasi-feltetelek\\\/#breadcrumb\"},\"inLanguage\":\"hu\",\"potentialAction\":[{\"@type\":\"ReadAction\",\"target\":[\"https:\\\/\\\/hunsicham.ro\\\/hu\\\/ajandekutalvany-voucher-felhasznalasi-feltetelek\\\/\"]}]},{\"@type\":\"BreadcrumbList\",\"@id\":\"https:\\\/\\\/hunsicham.ro\\\/hu\\\/ajandekutalvany-voucher-felhasznalasi-feltetelek\\\/#breadcrumb\",\"itemListElement\":[{\"@type\":\"ListItem\",\"position\":1,\"name\":\"Prima pagin\u0103\",\"item\":\"https:\\\/\\\/hunsicham.ro\\\/\"},{\"@type\":\"ListItem\",\"position\":2,\"name\":\"Aj\u00e1nd\u00e9kutalv\u00e1ny (Voucher) felhaszn\u00e1l\u00e1si felt\u00e9telek\"}]},{\"@type\":\"WebSite\",\"@id\":\"https:\\\/\\\/hunsicham.ro\\\/#website\",\"url\":\"https:\\\/\\\/hunsicham.ro\\\/\",\"name\":\"Hunsicham - Masaj, Relax, Tratament - Cluj-Napoca\",\"description\":\"\",\"publisher\":{\"@id\":\"https:\\\/\\\/hunsicham.ro\\\/#organization\"},\"potentialAction\":[{\"@type\":\"SearchAction\",\"target\":{\"@type\":\"EntryPoint\",\"urlTemplate\":\"https:\\\/\\\/hunsicham.ro\\\/?s={search_term_string}\"},\"query-input\":{\"@type\":\"PropertyValueSpecification\",\"valueRequired\":true,\"valueName\":\"search_term_string\"}}],\"inLanguage\":\"hu\"},{\"@type\":\"Organization\",\"@id\":\"https:\\\/\\\/hunsicham.ro\\\/#organization\",\"name\":\"Hunsicham - Masaj, Relax, Tratament - Cluj-Napoca\",\"url\":\"https:\\\/\\\/hunsicham.ro\\\/\",\"logo\":{\"@type\":\"ImageObject\",\"inLanguage\":\"hu\",\"@id\":\"https:\\\/\\\/hunsicham.ro\\\/#\\\/schema\\\/logo\\\/image\\\/\",\"url\":\"https:\\\/\\\/hunsicham.ro\\\/wp-content\\\/uploads\\\/2023\\\/11\\\/hunsicham-LogoArtboard-17.png\",\"contentUrl\":\"https:\\\/\\\/hunsicham.ro\\\/wp-content\\\/uploads\\\/2023\\\/11\\\/hunsicham-LogoArtboard-17.png\",\"width\":2000,\"height\":687,\"caption\":\"Hunsicham - Masaj, Relax, Tratament - Cluj-Napoca\"},\"image\":{\"@id\":\"https:\\\/\\\/hunsicham.ro\\\/#\\\/schema\\\/logo\\\/image\\\/\"}}]}<\/script>\n<!-- \/ Yoast SEO plugin. -->","yoast_head_json":{"title":"Aj\u00e1nd\u00e9kutalv\u00e1ny (Voucher) felhaszn\u00e1l\u00e1si felt\u00e9telek - Hunsicham - Masaj, Relax, Tratament - Cluj-Napoca","robots":{"index":"index","follow":"follow","max-snippet":"max-snippet:-1","max-image-preview":"max-image-preview:large","max-video-preview":"max-video-preview:-1"},"canonical":"https:\/\/hunsicham.ro\/hu\/ajandekutalvany-voucher-felhasznalasi-feltetelek\/","og_locale":"hu_HU","og_type":"article","og_title":"Aj\u00e1nd\u00e9kutalv\u00e1ny (Voucher) felhaszn\u00e1l\u00e1si felt\u00e9telek - Hunsicham - Masaj, Relax, Tratament - Cluj-Napoca","og_description":"Aj\u00e1nd\u00e9kutalv\u00e1ny (Voucher) felhaszn\u00e1l\u00e1si felt\u00e9telek 1.\u2060 \u2060Az aj\u00e1nd\u00e9kutalv\u00e1ny n\u00e9vre sz\u00f3l, nem \u00e1truh\u00e1zhat\u00f3, m\u00e1s szem\u00e9lyre nem \u00edrhat\u00f3 \u00e1t, nem \u00e9rt\u00e9kes\u00edthet\u0151 tov\u00e1bb. 2.\u2060 \u2060Az utalv\u00e1ny kiz\u00e1r\u00f3lag a rajta felt\u00fcntetett \u00e9rt\u00e9knek \u00e9s szolg\u00e1ltat\u00e1snak megfelel\u0151en haszn\u00e1lhat\u00f3 fel.Az \u00e9rt\u00e9k nem bonthat\u00f3 fel t\u00f6bb alkalomra, nem alak\u00edthat\u00f3 \u00e1t r\u00f6videbb vagy olcs\u00f3bb kezel\u00e9sek sorozat\u00e1v\u00e1. 3.\u2060 \u2060Az aj\u00e1nd\u00e9kutalv\u00e1ny nem k\u00e9szp\u00e9nz-helyettes\u00edt\u0151 eszk\u00f6z, k\u00e9szp\u00e9nzre nem v\u00e1lthat\u00f3, [&hellip;]","og_url":"https:\/\/hunsicham.ro\/hu\/ajandekutalvany-voucher-felhasznalasi-feltetelek\/","og_site_name":"Hunsicham - Masaj, Relax, Tratament - Cluj-Napoca","article_modified_time":"2026-01-29T06:38:46+00:00","twitter_card":"summary_large_image","twitter_misc":{"Becs\u00fclt olvas\u00e1si id\u0151":"2 perc"},"schema":{"@context":"https:\/\/schema.org","@graph":[{"@type":"WebPage","@id":"https:\/\/hunsicham.ro\/hu\/ajandekutalvany-voucher-felhasznalasi-feltetelek\/","url":"https:\/\/hunsicham.ro\/hu\/ajandekutalvany-voucher-felhasznalasi-feltetelek\/","name":"Aj\u00e1nd\u00e9kutalv\u00e1ny (Voucher) felhaszn\u00e1l\u00e1si felt\u00e9telek - Hunsicham - Masaj, Relax, Tratament - Cluj-Napoca","isPartOf":{"@id":"https:\/\/hunsicham.ro\/#website"},"datePublished":"2026-01-29T06:07:43+00:00","dateModified":"2026-01-29T06:38:46+00:00","breadcrumb":{"@id":"https:\/\/hunsicham.ro\/hu\/ajandekutalvany-voucher-felhasznalasi-feltetelek\/#breadcrumb"},"inLanguage":"hu","potentialAction":[{"@type":"ReadAction","target":["https:\/\/hunsicham.ro\/hu\/ajandekutalvany-voucher-felhasznalasi-feltetelek\/"]}]},{"@type":"BreadcrumbList","@id":"https:\/\/hunsicham.ro\/hu\/ajandekutalvany-voucher-felhasznalasi-feltetelek\/#breadcrumb","itemListElement":[{"@type":"ListItem","position":1,"name":"Prima pagin\u0103","item":"https:\/\/hunsicham.ro\/"},{"@type":"ListItem","position":2,"name":"Aj\u00e1nd\u00e9kutalv\u00e1ny (Voucher) felhaszn\u00e1l\u00e1si felt\u00e9telek"}]},{"@type":"WebSite","@id":"https:\/\/hunsicham.ro\/#website","url":"https:\/\/hunsicham.ro\/","name":"Hunsicham - Masaj, Relax, Tratament - Cluj-Napoca","description":"","publisher":{"@id":"https:\/\/hunsicham.ro\/#organization"},"potentialAction":[{"@type":"SearchAction","target":{"@type":"EntryPoint","urlTemplate":"https:\/\/hunsicham.ro\/?s={search_term_string}"},"query-input":{"@type":"PropertyValueSpecification","valueRequired":true,"valueName":"search_term_string"}}],"inLanguage":"hu"},{"@type":"Organization","@id":"https:\/\/hunsicham.ro\/#organization","name":"Hunsicham - Masaj, Relax, Tratament - Cluj-Napoca","url":"https:\/\/hunsicham.ro\/","logo":{"@type":"ImageObject","inLanguage":"hu","@id":"https:\/\/hunsicham.ro\/#\/schema\/logo\/image\/","url":"https:\/\/hunsicham.ro\/wp-content\/uploads\/2023\/11\/hunsicham-LogoArtboard-17.png","contentUrl":"https:\/\/hunsicham.ro\/wp-content\/uploads\/2023\/11\/hunsicham-LogoArtboard-17.png","width":2000,"height":687,"caption":"Hunsicham - Masaj, Relax, Tratament - Cluj-Napoca"},"image":{"@id":"https:\/\/hunsicham.ro\/#\/schema\/logo\/image\/"}}]}},"_links":{"self":[{"href":"https:\/\/hunsicham.ro\/hu\/wp-json\/wp\/v2\/pages\/3717","targetHints":{"allow":["GET"]}}],"collection":[{"href":"https:\/\/hunsicham.ro\/hu\/wp-json\/wp\/v2\/pages"}],"about":[{"href":"https:\/\/hunsicham.ro\/hu\/wp-json\/wp\/v2\/types\/page"}],"author":[{"embeddable":true,"href":"https:\/\/hunsicham.ro\/hu\/wp-json\/wp\/v2\/users\/1"}],"replies":[{"embeddable":true,"href":"https:\/\/hunsicham.ro\/hu\/wp-json\/wp\/v2\/comments?post=3717"}],"version-history":[{"count":1,"href":"https:\/\/hunsicham.ro\/hu\/wp-json\/wp\/v2\/pages\/3717\/revisions"}],"predecessor-version":[{"id":3718,"href":"https:\/\/hunsicham.ro\/hu\/wp-json\/wp\/v2\/pages\/3717\/revisions\/3718"}],"wp:attachment":[{"href":"https:\/\/hunsicham.ro\/hu\/wp-json\/wp\/v2\/media?parent=3717"}],"curies":[{"name":"wp","href":"https:\/\/api.w.org\/{rel}","templated":true}]}}