{"id":1965,"date":"2023-11-09T16:34:35","date_gmt":"2023-11-09T14:34:35","guid":{"rendered":"https:\/\/hunsicham.ro\/adatvedelmi-iranyelvek\/"},"modified":"2024-05-27T11:07:17","modified_gmt":"2024-05-27T08:07:17","slug":"adatvedelmi-iranyelvek","status":"publish","type":"page","link":"https:\/\/hunsicham.ro\/hu\/adatvedelmi-iranyelvek\/","title":{"rendered":"Adatv\u00e9delmi ir\u00e1nyelvek"},"content":{"rendered":"\t\t<div data-elementor-type=\"wp-page\" data-elementor-id=\"1965\" class=\"elementor elementor-1965 elementor-1228\" data-elementor-post-type=\"page\">\n\t\t\t\t<div class=\"elementor-element elementor-element-ba397e2 e-flex e-con-boxed e-con e-parent\" data-id=\"ba397e2\" data-element_type=\"container\" data-e-type=\"container\">\n\t\t\t\t\t<div class=\"e-con-inner\">\n\t\t\t\t<div class=\"elementor-element elementor-element-6bcce8c elementor-widget elementor-widget-heading\" data-id=\"6bcce8c\" data-element_type=\"widget\" data-e-type=\"widget\" data-widget_type=\"heading.default\">\n\t\t\t\t<div class=\"elementor-widget-container\">\n\t\t\t\t\t<h2 class=\"elementor-heading-title elementor-size-default\">Adatv\u00e9delmi ir\u00e1nyelvek<\/h2>\t\t\t\t<\/div>\n\t\t\t\t<\/div>\n\t\t\t\t<div class=\"elementor-element elementor-element-c94420e elementor-widget elementor-widget-text-editor\" data-id=\"c94420e\" data-element_type=\"widget\" data-e-type=\"widget\" data-widget_type=\"text-editor.default\">\n\t\t\t\t<div class=\"elementor-widget-container\">\n\t\t\t\t\t\t\t\t\t<p><strong>1. Bemutatkoz\u00e1s:<\/strong><br \/>A szem\u00e9lyes adatok bizalmas kezel\u00e9se a PAINTBALL POINT ZERO SRL c\u00e9gen bel\u00fcl az egyik f\u0151 probl\u00e9ma. Mint ilyen, a legmagasabb szint\u0171 titoktart\u00e1st \u00e9s \u00e1tl\u00e1that\u00f3s\u00e1got k\u00edv\u00e1njuk biztos\u00edtani a jelenlegi \u00fczleti tev\u00e9kenys\u00e9g\u00fcnk sor\u00e1n feldolgozott szem\u00e9lyes adatokkal kapcsolatban.<br \/>Mivel a tev\u00e9kenys\u00e9g v\u00e9gz\u00e9se sor\u00e1n szem\u00e9lyes adatok sorozat\u00e1nak el\u0151szeretettel t\u00f6rt\u00e9n\u0151 feldolgoz\u00e1s\u00e1ra van sz\u00fcks\u00e9g a tev\u00e9kenys\u00e9g\u00fcnk saj\u00e1toss\u00e1gaihoz &#8211; a b\u00e9lyegz\u0151 nyomtatv\u00e1nyok megval\u00f3s\u00edt\u00e1s\u00e1hoz &#8211; kapcsol\u00f3d\u00f3an, garanci\u00e1t k\u00edv\u00e1nunk ny\u00fajtani arra, hogy az adatkezel\u00e9s a a szem\u00e9lyes adatok \u00e1tl\u00e1that\u00f3s\u00e1g\u00e1nak \u00e9s biztons\u00e1g\u00e1nak elvei. Jelen adatv\u00e9delmi szab\u00e1lyzat c\u00e9lja, hogy seg\u00edtsen meg\u00e9rteni, milyen adatokat gy\u0171jt\u00fcnk, mi\u00e9rt gy\u0171jtj\u00fck azokat, \u00e9s mit tesz\u00fcnk vel\u00fck.<br \/>Rem\u00e9lj\u00fck, hogy id\u0151t sz\u00e1n arra, hogy figyelmesen elolvassa ezt az adatv\u00e9delmi szab\u00e1lyzatot. Ezt a szab\u00e1lyzatot igyekezt\u00fcnk a lehet\u0151 legegyszer\u0171bb nyelvezeten megfogalmazni, hogy az vil\u00e1gos \u00e9s \u00e9rthet\u0151 legyen.<\/p>\n<p><strong>2. Az \u00d6nnel kapcsolatos szem\u00e9lyes adatok kezel\u0151je:<\/strong><br \/>Az \u00d6n \u00e1ltal megadott szem\u00e9lyes adatokkal kapcsolatos szem\u00e9lyes adatok kezel\u0151je a PAINTBALL POINT ZERO SRL c\u00e9g, amelynek sz\u00e9khelye Sepsiszentgy\u00f6rgy, Mikes Kelemen utca 21. sz\u00e1m, kov\u00e1szna megye, Rom\u00e1nia, a C\u00e9gjegyz\u00e9kben J14\/278\/2006 sz\u00e1mon van bejegyezve, amelyek C.I.F.\/C.U.I. 18743717 sz\u00e1m,<\/p>\n<p><strong>3. Szem\u00e9lyes adatok kateg\u00f3ri\u00e1i, amelyeket a kapcsolatfelv\u00e9teli \u0171rlapokon kereszt\u00fcl kezel\u00fcnk:<\/strong><br \/>A tev\u00e9kenys\u00e9g v\u00e9gz\u00e9s\u00e9hez az al\u00e1bbi kateg\u00f3ri\u00e1j\u00fa szem\u00e9lyes adatokat gy\u0171jthetj\u00fck \u00e9s kezelhetj\u00fck:<\/p>\n<p>N\u00e9v (sz\u00fcks\u00e9ges)<br \/>Keresztn\u00e9v* (k\u00f6telez\u0151)<br \/>E-mail* (k\u00f6telez\u0151)<br \/>Telefon* (k\u00f6telez\u0151)<br \/>Egy\u00e9b inform\u00e1ci\u00f3k, amelyeket a kapcsolatfelv\u00e9teli \u0171rlap \u201e\u00dczenet\u201d mez\u0151j\u00e9ben ad meg<\/p>\n<p><strong>4. Az adatkezel\u00e9s c\u00e9lja:<br \/><\/strong> Az \u00d6nt\u0151l gy\u0171jt\u00f6tt inform\u00e1ci\u00f3kat arra haszn\u00e1ljuk, hogy szolg\u00e1ltat\u00e1sainkat biztos\u00edtani tudjuk \u00d6nnek. Az \u00d6n adatainak feldolgoz\u00e1sa elt\u00e9r\u0151en t\u00f6rt\u00e9nik att\u00f3l f\u00fcgg\u0151en, hogy \u00d6n milyen st\u00e1tuszban van az oldalon: potenci\u00e1lis \u00fcgyf\u00e9l, vagy csak l\u00e1togat\u00f3ja a weboldalunknak.<br \/>Ha \u00d6n a PAINTBALL POINT ZERO SRL potenci\u00e1lis \u00fcgyfele, adatait a k\u00f6vetkez\u0151 c\u00e9lokra haszn\u00e1lhatjuk fel:<br \/>Szerz\u0151d\u00e9s el\u0151tti \u00fcgyint\u00e9z\u00e9s \u00d6n \u00e9s a PAINTBALL POINT ZERO SRL c\u00e9g k\u00f6z\u00f6tt;<br \/>Bizonyos helyzetekben az \u00d6n szem\u00e9lyes adatait k\u00f6z\u00e9rdekb\u0151l, vagy adott esetben az \u00d6n hozz\u00e1j\u00e1rul\u00e1sa alapj\u00e1n kezelj\u00fck, ha \u00d6n e tekintetben kifejezte v\u00e1laszt\u00e1s\u00e1t. Ugyanakkor az adatkezel\u00e9s a r\u00e1nk r\u00f3tt jogszab\u00e1lyi k\u00f6telezetts\u00e9gek teljes\u00edt\u00e9s\u00e9nek eredm\u00e9nyek\u00e9nt is m\u0171k\u00f6dhet.<br \/>Az \u00d6nnel val\u00f3 kommunik\u00e1ci\u00f3 c\u00e9lj\u00e1b\u00f3l, az ig\u00e9nyelt szolg\u00e1ltat\u00e1s \u00e1llapot\u00e1r\u00f3l val\u00f3 tart\u00f3s t\u00e1j\u00e9koztat\u00e1s \u00e9rdek\u00e9ben;<br \/>B\u00e1rmilyen m\u00e1s, a fentiekhez kapcsol\u00f3d\u00f3 c\u00e9lb\u00f3l, vagy b\u00e1rmely m\u00e1s c\u00e9lb\u00f3l, amelyb\u0151l a szem\u00e9lyes adatokat a vonatkoz\u00f3 jogszab\u00e1lyoknak megfelel\u0151en rendelkez\u00e9s\u00fcnkre bocs\u00e1tott\u00e1k;<\/p>\n<p>Amennyiben \u00d6n a webhely l\u00e1togat\u00f3ja:<br \/>A forgalom nyomon k\u00f6vet\u00e9se \u00e9s a weboldalunk \u00e1ltal k\u00edn\u00e1lt \u00e9lm\u00e9ny jav\u00edt\u00e1sa \u00e9rdek\u00e9ben.<br \/>A PAINTBALL POINT ZERO SRL c\u00e9g v\u00e1llalja, hogy k\u00e9ri az \u00d6n hozz\u00e1j\u00e1rul\u00e1s\u00e1t. mindig miel\u0151tt az inform\u00e1ci\u00f3kat a jelen dokumentumban meghat\u00e1rozottakt\u00f3l elt\u00e9r\u0151 c\u00e9lra haszn\u00e1ln\u00e1 fel.<\/p>\n<p><strong>5. Kinek adjuk ki az \u00d6n adatait:<\/strong><br \/>Az \u00d6n \u00e1ltal megadott inform\u00e1ci\u00f3k a v\u00e1llalaton bel\u00fcli m\u00e1s r\u00e9szlegek vagy munkat\u00e1rsai sz\u00e1m\u00e1ra is megjelenhetnek. P\u00e9ld\u00e1ul: \u00c9rt\u00e9kes\u00edt\u00e9s\/Marketing\/Emberi Er\u0151forr\u00e1s Oszt\u00e1ly.<\/p>\n<p><strong>6. Szem\u00e9lyes adatainak friss\u00edt\u00e9se<\/strong><br \/>Ha a rendelkez\u00e9s\u00fcnkre bocs\u00e1tott szem\u00e9lyes adatok helytelenek vagy m\u00f3dosulnak, p\u00e9ld\u00e1ul ha megv\u00e1ltoztatta telefonsz\u00e1m\u00e1t, nev\u00e9t, e-mail c\u00edm\u00e9t, t\u00f6r\u00f6lni k\u00edv\u00e1nja a hozz\u00e1nk int\u00e9zett k\u00e9relmet, vagy tudja, hogy t\u00e9ves inform\u00e1ci\u00f3val rendelkez\u00fcnk K\u00e9rj\u00fck, vegye fel vel\u00fcnk a kapcsolatot e-mailben a contact@hunsicham.ro c\u00edmen, hogy friss\u00edts\u00fck\/m\u00f3dos\u00edtsuk ezeket az adatokat (kiv\u00e9ve, ha c\u00e9g\u00fcnknek jogos \u00e9rdeke f\u0171z\u0151dik ezen inform\u00e1ci\u00f3k meg\u0151rz\u00e9s\u00e9hez vagy jogi k\u00f6telezetts\u00e9ge).<br \/>Amennyiben adatveszt\u00e9s a hib\u00e1san, hi\u00e1nyosan vagy nem kiel\u00e9g\u00edt\u0151en megadott adatok miatt k\u00f6vetkezik be, a PAINTBALL POINT ZERO SRL c\u00e9g nem v\u00e1llal felel\u0151ss\u00e9get.<\/p>\n<p><strong>7. A szem\u00e9lyes adatok t\u00e1rol\u00e1s\u00e1nak id\u0151tartama:<\/strong><br \/>A szem\u00e9lyes adatok kezel\u00e9se az \u00e1ltalunk kezelt adatok t\u00edpus\u00e1t\u00f3l f\u00fcgg\u0151en az al\u00e1bbiak szerint megsz\u0171nik:<br \/>A toborz\u00e1s c\u00e9lj\u00e1b\u00f3l \u00d6nt\u0151l gy\u0171jt\u00f6tt adatokat az \u00d6n \u00e1ltal megp\u00e1ly\u00e1zott poz\u00edci\u00f3 bet\u00f6lt\u00e9s\u00e9nek id\u0151pontj\u00e1ig, de legfeljebb 1 \u00e9vig t\u00e1roljuk.<\/p>\n<p><strong>8. Az \u00d6n jogai a szem\u00e9lyes adatok feldolgoz\u00e1s\u00e1val kapcsolatban:<\/strong><br \/>Ha hozz\u00e1j\u00e1rul\u00e1s\u00e1t adta az adatkezel\u00e9si tev\u00e9kenys\u00e9gekhez, ezt a hozz\u00e1j\u00e1rul\u00e1s\u00e1t b\u00e1rmikor visszavonhatja.<br \/>Amennyiben az \u00d6n hozz\u00e1j\u00e1rul\u00e1s\u00e1t visszavonj\u00e1k, a PAINTBALL POINT ZERO SRL c\u00e9g megtiltja az \u00d6n szem\u00e9lyes adatainak feldolgoz\u00e1s\u00e1t, \u00e9s minden int\u00e9zked\u00e9st megtesz az ezeket az adatokat tartalmaz\u00f3 rekordok t\u00f6rl\u00e9se \u00e9rdek\u00e9ben.<br \/>Ha azonban a feldolgoz\u00e1s k\u00f6telez\u0151 a PAINTBALL POINT ZERO SRL c\u00e9g \u00e1ltal ny\u00fajtott szolg\u00e1ltat\u00e1sokhoz, \u00e9s az egy\u00e9b jogszab\u00e1lyi rendelkez\u00e9sek alapj\u00e1n is v\u00e9grehajthat\u00f3, akkor a c\u00e9g ezt az adatkezel\u00e9st folytatja, \u00e9s err\u0151l \u00d6nt \u00e9rtes\u00edti.<\/p>\n<p><strong>9. A jogszab\u00e1lyi rendelkez\u00e9sek \u00e9rtelm\u00e9ben \u00d6nt az al\u00e1bbi jogok illetik meg:<\/strong><br \/>A hozz\u00e1f\u00e9r\u00e9s joga \u2013 joga, hogy k\u00e9r\u00e9sre \u00e9s ingyenesen igazol\u00e1st kapjon t\u0151l\u00fcnk arr\u00f3l, hogy az \u00d6nre vonatkoz\u00f3 adatokat a c\u00e9g kezeli vagy nem, valamint az adatokhoz val\u00f3 hozz\u00e1f\u00e9r\u00e9s joga, kiv\u00e9ve, ha ezek a k\u00e9r\u00e9sek ism\u00e9tl\u0151d\u0151ek vagy rosszhiszem\u0171ek;<br \/>T\u00e1j\u00e9koztat\u00e1shoz val\u00f3 jog \u2013 a t\u00e1j\u00e9koztat\u00e1shoz val\u00f3 jog az \u00fczemeltet\u0151 szem\u00e9lyazonoss\u00e1g\u00e1r\u00f3l, az adatok kezel\u00e9s\u00e9nek c\u00e9lj\u00e1r\u00f3l, a c\u00edmzettekr\u0151l vagy az adatc\u00edmzettek kateg\u00f3ri\u00e1ir\u00f3l, a GDPR \u00e1ltal biztos\u00edtott jogok fenn\u00e1ll\u00e1s\u00e1r\u00f3l \u00e9s azokr\u00f3l a felt\u00e9telekr\u0151l gyakorolj\u00e1k;<br \/>Helyesb\u00edt\u00e9shez val\u00f3 jog \u2013 k\u00e9rheti a pontatlan szem\u00e9lyes adatok helyesb\u00edt\u00e9s\u00e9t.<br \/>Az adatok t\u00f6rl\u00e9s\u00e9hez val\u00f3 jog (&#8222;az elfelejt\u00e9shez val\u00f3 jog&#8221;) \u2013 k\u00e9rheti az adatok t\u00f6rl\u00e9s\u00e9t, ha azok kezel\u00e9se nem volt jogszer\u0171, vagy a t\u00f6rv\u00e9nyben meghat\u00e1rozott egy\u00e9b esetekben;<br \/>Az adatkezel\u00e9s korl\u00e1toz\u00e1s\u00e1hoz val\u00f3 jog \u2013 k\u00e9rheti az adatkezel\u00e9s korl\u00e1toz\u00e1s\u00e1t, ha vitatja az adatok pontoss\u00e1g\u00e1t, valamint a jogszab\u00e1lyban meghat\u00e1rozott egy\u00e9b esetekben;<br \/>A tiltakoz\u00e1s joga \u2013 joga van arra, hogy megalapozott \u00e9s jogos okb\u00f3l b\u00e1rmikor tiltakozzon az adatok kezel\u00e9se ellen, kiv\u00e9ve, ha jogszab\u00e1ly ezzel ellent\u00e9tes rendelkez\u00e9st tartalmaz;<br \/>Az adathordozhat\u00f3s\u00e1ghoz val\u00f3 jog \u2013 \u00d6n bizonyos felt\u00e9telek mellett megkaphatja az \u00d6n \u00e1ltal rendelkez\u00e9s\u00fcnkre bocs\u00e1tott szem\u00e9lyes adatokat automatikusan olvashat\u00f3 form\u00e1tumban, vagy k\u00e9rheti az adatok m\u00e1sik \u00fczemeltet\u0151 r\u00e9sz\u00e9re t\u00f6rt\u00e9n\u0151 tov\u00e1bb\u00edt\u00e1s\u00e1t;<br \/>Panaszt\u00e9tel joga \u2013 a szem\u00e9lyes adatok kezel\u00e9s\u00e9nek m\u00f3dja ellen panasszal \u00e9lhet a Nemzeti Adatkezel\u00e9si Fel\u00fcgyeleti Hat\u00f3s\u00e1gn\u00e1l, vagy b\u00edr\u00f3s\u00e1ghoz fordulhat.<br \/>Az automatikus d\u00f6nt\u00e9sekhez vagy az automatikus d\u00f6nt\u00e9sekhez kapcsol\u00f3d\u00f3 tov\u00e1bbi profilalkot\u00e1shoz val\u00f3 jog: a kiz\u00e1r\u00f3lag szem\u00e9lyes adatok kezel\u00e9se alapj\u00e1n hozott, joghat\u00e1sokat kiv\u00e1lt\u00f3 hat\u00e1rozat visszavon\u00e1s\u00e1nak, t\u00f6rl\u00e9s\u00e9nek vagy \u00fajra\u00e9rt\u00e9kel\u00e9s\u00e9nek k\u00e9r\u00e9s\u00e9re \u00e9s megszerz\u00e9s\u00e9re val\u00f3 jog. automatikus eszk\u00f6z\u00f6kkel, szem\u00e9lyis\u00e9g\u00e9nek egyes aspektusainak, p\u00e9ld\u00e1ul szakmai kompetenci\u00e1j\u00e1nak, hiteless\u00e9g\u00e9nek, viselked\u00e9s\u00e9nek vagy m\u00e1s hasonl\u00f3 szempontok \u00e9rt\u00e9kel\u00e9s\u00e9re szolg\u00e1l;<\/p>\n<p>Amennyiben a fent eml\u00edtett jogaival \u00e9lni k\u00edv\u00e1n, forduljon a szem\u00e9lyes adatok v\u00e9delm\u00e9\u00e9rt felel\u0151s szem\u00e9llyel az al\u00e1bbi el\u00e9rhet\u0151s\u00e9geken: contact@hunsicham.ro.<\/p>\n<p><strong>10. Inform\u00e1ci\u00f3biztons\u00e1g:<\/strong><br \/>Kem\u00e9nyen dolgozunk, hogy megv\u00e9dj\u00fck a weboldalt \u00e9s felhaszn\u00e1l\u00f3inkat a jogosulatlan hozz\u00e1f\u00e9r\u00e9st\u0151l, illetve a birtokunkban l\u00e9v\u0151 inform\u00e1ci\u00f3k megv\u00e1ltoztat\u00e1s\u00e1t\u00f3l, jogosulatlan nyilv\u00e1noss\u00e1gra hozatal\u00e1t\u00f3l vagy megsemmis\u00edt\u00e9s\u00e9t\u0151l.<br \/>Ebben a tekintetben:<br \/>Rendszeresen fel\u00fclvizsg\u00e1ljuk az inform\u00e1ci\u00f3gy\u0171jt\u00e9si, -t\u00e1rol\u00e1si \u00e9s -feldolgoz\u00e1si gyakorlatot, bele\u00e9rtve a fizikai inform\u00e1ci\u00f3kat, valamint a rendszerekhez val\u00f3 jogosulatlan hozz\u00e1f\u00e9r\u00e9s megakad\u00e1lyoz\u00e1s\u00e1ra szolg\u00e1l\u00f3 biztons\u00e1gi int\u00e9zked\u00e9seket.<br \/>Korl\u00e1tozzuk alkalmazottaink \u00e9s v\u00e1llalkoz\u00f3ink hozz\u00e1f\u00e9r\u00e9s\u00e9t az \u00d6n szem\u00e9lyes adataihoz, \u00e9s az ezekkel a szem\u00e9lyekkel fenn\u00e1ll\u00f3 szerz\u0151d\u00e9ses kapcsolatokra a szerz\u0151d\u00e9ses titoktart\u00e1si k\u00f6telezetts\u00e9gekre vonatkoz\u00f3 szigor\u00fa szab\u00e1lyok vonatkoznak.<\/p>\n\t\t\t\t\t\t\t\t<\/div>\n\t\t\t\t<\/div>\n\t\t\t\t\t<\/div>\n\t\t\t\t<\/div>\n\t\t\t\t<\/div>\n\t\t","protected":false},"excerpt":{"rendered":"<p>Adatv\u00e9delmi ir\u00e1nyelvek 1. Bemutatkoz\u00e1s:A szem\u00e9lyes adatok bizalmas kezel\u00e9se a PAINTBALL POINT ZERO SRL c\u00e9gen bel\u00fcl az egyik f\u0151 probl\u00e9ma. Mint ilyen, a legmagasabb szint\u0171 titoktart\u00e1st \u00e9s \u00e1tl\u00e1that\u00f3s\u00e1got k\u00edv\u00e1njuk biztos\u00edtani a jelenlegi \u00fczleti tev\u00e9kenys\u00e9g\u00fcnk sor\u00e1n feldolgozott szem\u00e9lyes adatokkal kapcsolatban.Mivel a tev\u00e9kenys\u00e9g v\u00e9gz\u00e9se sor\u00e1n szem\u00e9lyes adatok sorozat\u00e1nak el\u0151szeretettel t\u00f6rt\u00e9n\u0151 feldolgoz\u00e1s\u00e1ra van sz\u00fcks\u00e9g a tev\u00e9kenys\u00e9g\u00fcnk saj\u00e1toss\u00e1gaihoz &#8211; a [&hellip;]<\/p>\n","protected":false},"author":1,"featured_media":0,"parent":0,"menu_order":0,"comment_status":"closed","ping_status":"closed","template":"","meta":{"footnotes":""},"class_list":["post-1965","page","type-page","status-publish","hentry"],"yoast_head":"<!-- This site is optimized with the Yoast SEO plugin v27.3 - https:\/\/yoast.com\/product\/yoast-seo-wordpress\/ -->\n<title>Adatv\u00e9delmi ir\u00e1nyelvek - Hunsicham - Masaj, Relax, Tratament - Cluj-Napoca<\/title>\n<meta name=\"robots\" content=\"index, follow, max-snippet:-1, max-image-preview:large, max-video-preview:-1\" \/>\n<link rel=\"canonical\" href=\"https:\/\/hunsicham.ro\/politica-de-confidentialitate\/\" \/>\n<meta property=\"og:locale\" content=\"hu_HU\" \/>\n<meta property=\"og:type\" content=\"article\" \/>\n<meta property=\"og:title\" content=\"Adatv\u00e9delmi ir\u00e1nyelvek - Hunsicham - Masaj, Relax, Tratament - Cluj-Napoca\" \/>\n<meta property=\"og:description\" content=\"Adatv\u00e9delmi ir\u00e1nyelvek 1. Bemutatkoz\u00e1s:A szem\u00e9lyes adatok bizalmas kezel\u00e9se a PAINTBALL POINT ZERO SRL c\u00e9gen bel\u00fcl az egyik f\u0151 probl\u00e9ma. Mint ilyen, a legmagasabb szint\u0171 titoktart\u00e1st \u00e9s \u00e1tl\u00e1that\u00f3s\u00e1got k\u00edv\u00e1njuk biztos\u00edtani a jelenlegi \u00fczleti tev\u00e9kenys\u00e9g\u00fcnk sor\u00e1n feldolgozott szem\u00e9lyes adatokkal kapcsolatban.Mivel a tev\u00e9kenys\u00e9g v\u00e9gz\u00e9se sor\u00e1n szem\u00e9lyes adatok sorozat\u00e1nak el\u0151szeretettel t\u00f6rt\u00e9n\u0151 feldolgoz\u00e1s\u00e1ra van sz\u00fcks\u00e9g a tev\u00e9kenys\u00e9g\u00fcnk saj\u00e1toss\u00e1gaihoz &#8211; a [&hellip;]\" \/>\n<meta property=\"og:url\" content=\"https:\/\/hunsicham.ro\/politica-de-confidentialitate\/\" \/>\n<meta property=\"og:site_name\" content=\"Hunsicham - Masaj, Relax, Tratament - Cluj-Napoca\" \/>\n<meta property=\"article:modified_time\" content=\"2024-05-27T08:07:17+00:00\" \/>\n<meta name=\"twitter:card\" content=\"summary_large_image\" \/>\n<meta name=\"twitter:label1\" content=\"Becs\u00fclt olvas\u00e1si id\u0151\" \/>\n\t<meta name=\"twitter:data1\" content=\"8 perc\" \/>\n<script type=\"application\/ld+json\" class=\"yoast-schema-graph\">{\"@context\":\"https:\\\/\\\/schema.org\",\"@graph\":[{\"@type\":\"WebPage\",\"@id\":\"https:\\\/\\\/hunsicham.ro\\\/politica-de-confidentialitate\\\/\",\"url\":\"https:\\\/\\\/hunsicham.ro\\\/politica-de-confidentialitate\\\/\",\"name\":\"Adatv\u00e9delmi ir\u00e1nyelvek - Hunsicham - Masaj, Relax, Tratament - Cluj-Napoca\",\"isPartOf\":{\"@id\":\"https:\\\/\\\/hunsicham.ro\\\/#website\"},\"datePublished\":\"2023-11-09T14:34:35+00:00\",\"dateModified\":\"2024-05-27T08:07:17+00:00\",\"breadcrumb\":{\"@id\":\"https:\\\/\\\/hunsicham.ro\\\/politica-de-confidentialitate\\\/#breadcrumb\"},\"inLanguage\":\"hu\",\"potentialAction\":[{\"@type\":\"ReadAction\",\"target\":[\"https:\\\/\\\/hunsicham.ro\\\/politica-de-confidentialitate\\\/\"]}]},{\"@type\":\"BreadcrumbList\",\"@id\":\"https:\\\/\\\/hunsicham.ro\\\/politica-de-confidentialitate\\\/#breadcrumb\",\"itemListElement\":[{\"@type\":\"ListItem\",\"position\":1,\"name\":\"Prima pagin\u0103\",\"item\":\"https:\\\/\\\/hunsicham.ro\\\/\"},{\"@type\":\"ListItem\",\"position\":2,\"name\":\"Adatv\u00e9delmi ir\u00e1nyelvek\"}]},{\"@type\":\"WebSite\",\"@id\":\"https:\\\/\\\/hunsicham.ro\\\/#website\",\"url\":\"https:\\\/\\\/hunsicham.ro\\\/\",\"name\":\"Hunsicham - Masaj, Relax, Tratament - Cluj-Napoca\",\"description\":\"\",\"publisher\":{\"@id\":\"https:\\\/\\\/hunsicham.ro\\\/#organization\"},\"potentialAction\":[{\"@type\":\"SearchAction\",\"target\":{\"@type\":\"EntryPoint\",\"urlTemplate\":\"https:\\\/\\\/hunsicham.ro\\\/?s={search_term_string}\"},\"query-input\":{\"@type\":\"PropertyValueSpecification\",\"valueRequired\":true,\"valueName\":\"search_term_string\"}}],\"inLanguage\":\"hu\"},{\"@type\":\"Organization\",\"@id\":\"https:\\\/\\\/hunsicham.ro\\\/#organization\",\"name\":\"Hunsicham - Masaj, Relax, Tratament - Cluj-Napoca\",\"url\":\"https:\\\/\\\/hunsicham.ro\\\/\",\"logo\":{\"@type\":\"ImageObject\",\"inLanguage\":\"hu\",\"@id\":\"https:\\\/\\\/hunsicham.ro\\\/#\\\/schema\\\/logo\\\/image\\\/\",\"url\":\"https:\\\/\\\/hunsicham.ro\\\/wp-content\\\/uploads\\\/2023\\\/11\\\/hunsicham-LogoArtboard-17.png\",\"contentUrl\":\"https:\\\/\\\/hunsicham.ro\\\/wp-content\\\/uploads\\\/2023\\\/11\\\/hunsicham-LogoArtboard-17.png\",\"width\":2000,\"height\":687,\"caption\":\"Hunsicham - Masaj, Relax, Tratament - Cluj-Napoca\"},\"image\":{\"@id\":\"https:\\\/\\\/hunsicham.ro\\\/#\\\/schema\\\/logo\\\/image\\\/\"}}]}<\/script>\n<!-- \/ Yoast SEO plugin. -->","yoast_head_json":{"title":"Adatv\u00e9delmi ir\u00e1nyelvek - Hunsicham - Masaj, Relax, Tratament - Cluj-Napoca","robots":{"index":"index","follow":"follow","max-snippet":"max-snippet:-1","max-image-preview":"max-image-preview:large","max-video-preview":"max-video-preview:-1"},"canonical":"https:\/\/hunsicham.ro\/politica-de-confidentialitate\/","og_locale":"hu_HU","og_type":"article","og_title":"Adatv\u00e9delmi ir\u00e1nyelvek - Hunsicham - Masaj, Relax, Tratament - Cluj-Napoca","og_description":"Adatv\u00e9delmi ir\u00e1nyelvek 1. Bemutatkoz\u00e1s:A szem\u00e9lyes adatok bizalmas kezel\u00e9se a PAINTBALL POINT ZERO SRL c\u00e9gen bel\u00fcl az egyik f\u0151 probl\u00e9ma. Mint ilyen, a legmagasabb szint\u0171 titoktart\u00e1st \u00e9s \u00e1tl\u00e1that\u00f3s\u00e1got k\u00edv\u00e1njuk biztos\u00edtani a jelenlegi \u00fczleti tev\u00e9kenys\u00e9g\u00fcnk sor\u00e1n feldolgozott szem\u00e9lyes adatokkal kapcsolatban.Mivel a tev\u00e9kenys\u00e9g v\u00e9gz\u00e9se sor\u00e1n szem\u00e9lyes adatok sorozat\u00e1nak el\u0151szeretettel t\u00f6rt\u00e9n\u0151 feldolgoz\u00e1s\u00e1ra van sz\u00fcks\u00e9g a tev\u00e9kenys\u00e9g\u00fcnk saj\u00e1toss\u00e1gaihoz &#8211; a [&hellip;]","og_url":"https:\/\/hunsicham.ro\/politica-de-confidentialitate\/","og_site_name":"Hunsicham - Masaj, Relax, Tratament - Cluj-Napoca","article_modified_time":"2024-05-27T08:07:17+00:00","twitter_card":"summary_large_image","twitter_misc":{"Becs\u00fclt olvas\u00e1si id\u0151":"8 perc"},"schema":{"@context":"https:\/\/schema.org","@graph":[{"@type":"WebPage","@id":"https:\/\/hunsicham.ro\/politica-de-confidentialitate\/","url":"https:\/\/hunsicham.ro\/politica-de-confidentialitate\/","name":"Adatv\u00e9delmi ir\u00e1nyelvek - Hunsicham - Masaj, Relax, Tratament - Cluj-Napoca","isPartOf":{"@id":"https:\/\/hunsicham.ro\/#website"},"datePublished":"2023-11-09T14:34:35+00:00","dateModified":"2024-05-27T08:07:17+00:00","breadcrumb":{"@id":"https:\/\/hunsicham.ro\/politica-de-confidentialitate\/#breadcrumb"},"inLanguage":"hu","potentialAction":[{"@type":"ReadAction","target":["https:\/\/hunsicham.ro\/politica-de-confidentialitate\/"]}]},{"@type":"BreadcrumbList","@id":"https:\/\/hunsicham.ro\/politica-de-confidentialitate\/#breadcrumb","itemListElement":[{"@type":"ListItem","position":1,"name":"Prima pagin\u0103","item":"https:\/\/hunsicham.ro\/"},{"@type":"ListItem","position":2,"name":"Adatv\u00e9delmi ir\u00e1nyelvek"}]},{"@type":"WebSite","@id":"https:\/\/hunsicham.ro\/#website","url":"https:\/\/hunsicham.ro\/","name":"Hunsicham - Masaj, Relax, Tratament - Cluj-Napoca","description":"","publisher":{"@id":"https:\/\/hunsicham.ro\/#organization"},"potentialAction":[{"@type":"SearchAction","target":{"@type":"EntryPoint","urlTemplate":"https:\/\/hunsicham.ro\/?s={search_term_string}"},"query-input":{"@type":"PropertyValueSpecification","valueRequired":true,"valueName":"search_term_string"}}],"inLanguage":"hu"},{"@type":"Organization","@id":"https:\/\/hunsicham.ro\/#organization","name":"Hunsicham - Masaj, Relax, Tratament - Cluj-Napoca","url":"https:\/\/hunsicham.ro\/","logo":{"@type":"ImageObject","inLanguage":"hu","@id":"https:\/\/hunsicham.ro\/#\/schema\/logo\/image\/","url":"https:\/\/hunsicham.ro\/wp-content\/uploads\/2023\/11\/hunsicham-LogoArtboard-17.png","contentUrl":"https:\/\/hunsicham.ro\/wp-content\/uploads\/2023\/11\/hunsicham-LogoArtboard-17.png","width":2000,"height":687,"caption":"Hunsicham - Masaj, Relax, Tratament - Cluj-Napoca"},"image":{"@id":"https:\/\/hunsicham.ro\/#\/schema\/logo\/image\/"}}]}},"_links":{"self":[{"href":"https:\/\/hunsicham.ro\/hu\/wp-json\/wp\/v2\/pages\/1965","targetHints":{"allow":["GET"]}}],"collection":[{"href":"https:\/\/hunsicham.ro\/hu\/wp-json\/wp\/v2\/pages"}],"about":[{"href":"https:\/\/hunsicham.ro\/hu\/wp-json\/wp\/v2\/types\/page"}],"author":[{"embeddable":true,"href":"https:\/\/hunsicham.ro\/hu\/wp-json\/wp\/v2\/users\/1"}],"replies":[{"embeddable":true,"href":"https:\/\/hunsicham.ro\/hu\/wp-json\/wp\/v2\/comments?post=1965"}],"version-history":[{"count":1,"href":"https:\/\/hunsicham.ro\/hu\/wp-json\/wp\/v2\/pages\/1965\/revisions"}],"predecessor-version":[{"id":1966,"href":"https:\/\/hunsicham.ro\/hu\/wp-json\/wp\/v2\/pages\/1965\/revisions\/1966"}],"wp:attachment":[{"href":"https:\/\/hunsicham.ro\/hu\/wp-json\/wp\/v2\/media?parent=1965"}],"curies":[{"name":"wp","href":"https:\/\/api.w.org\/{rel}","templated":true}]}}