{"id":1963,"date":"2023-11-09T16:32:30","date_gmt":"2023-11-09T14:32:30","guid":{"rendered":"https:\/\/hunsicham.ro\/felhasznalasi-feltetelek\/"},"modified":"2026-02-02T13:28:24","modified_gmt":"2026-02-02T11:28:24","slug":"felhasznalasi-feltetelek","status":"publish","type":"page","link":"https:\/\/hunsicham.ro\/hu\/felhasznalasi-feltetelek\/","title":{"rendered":"Felhaszn\u00e1l\u00e1si felt\u00e9telek"},"content":{"rendered":"\t\t<div data-elementor-type=\"wp-page\" data-elementor-id=\"1963\" class=\"elementor elementor-1963 elementor-1223\" data-elementor-post-type=\"page\">\n\t\t\t\t<div class=\"elementor-element elementor-element-3fe8a09 e-flex e-con-boxed e-con e-parent\" data-id=\"3fe8a09\" data-element_type=\"container\" data-e-type=\"container\">\n\t\t\t\t\t<div class=\"e-con-inner\">\n\t\t\t\t<div class=\"elementor-element elementor-element-e6e6b1e elementor-widget elementor-widget-heading\" data-id=\"e6e6b1e\" data-element_type=\"widget\" data-e-type=\"widget\" data-widget_type=\"heading.default\">\n\t\t\t\t<div class=\"elementor-widget-container\">\n\t\t\t\t\t<h2 class=\"elementor-heading-title elementor-size-default\">Felhaszn\u00e1l\u00e1si felt\u00e9telek<\/h2>\t\t\t\t<\/div>\n\t\t\t\t<\/div>\n\t\t\t\t<div class=\"elementor-element elementor-element-f286677 elementor-widget elementor-widget-text-editor\" data-id=\"f286677\" data-element_type=\"widget\" data-e-type=\"widget\" data-widget_type=\"text-editor.default\">\n\t\t\t\t<div class=\"elementor-widget-container\">\n\t\t\t\t\t\t\t\t\t<p><b>1. Bemutatkoz\u00e1s:<\/b><\/p><p>Jelen \u00c1ltal\u00e1nos Szerz\u0151d\u00e9si Felt\u00e9telek (&#8222;\u00c1ltal\u00e1nos Szerz\u0151d\u00e9si Felt\u00e9telek&#8221;) szab\u00e1lyozz\u00e1k a PAINTBALL POINT ZERO SRL t\u00e1rsas\u00e1g k\u00f6z\u00f6tti kapcsolatot, amely korl\u00e1tolt felel\u0151ss\u00e9g\u0171 t\u00e1rsas\u00e1g, amelynek sz\u00e9khelye Sepsiszentgy\u00f6rgy Mikes Kelemen utca 21. sz\u00e1m, Kov\u00e1szna megye, Rom\u00e1nia (a tov\u00e1bbiakban: T\u00e1rsas\u00e1g), C\u00e9gjegyz\u00e9kbe bejegyzett Iat\u0103 varianta corect\u0103 \u0219i fluent\u0103 \u00een maghiar\u0103:<br \/>J14\/278\/2006, C.I.F.\/C.U.I. sz\u00e1ma 18743717, valamint a www.hunsicham.ro weboldalt (a tov\u00e1bbiakban: \u201eWeboldal\u201d) haszn\u00e1l\u00f3 szem\u00e9lyek (a tov\u00e1bbiakban: \u201eFelhaszn\u00e1l\u00f3\u201d).<\/p><p>A weboldal el\u00e9r\u00e9se \u00e9s haszn\u00e1lata, bele\u00e9rtve annak b\u00e1rmely oldal\u00e1t vagy elemr\u00e9sz\u00e9t, csak a jelen \u00c1ltal\u00e1nos Szerz\u0151d\u00e9si Felt\u00e9telekkel \u00f6sszhangban t\u00f6rt\u00e9nhet, amelyek magukban foglalj\u00e1k az Adatv\u00e9delmi szab\u00e1lyzatot \u00e9s a Cookie-kra vonatkoz\u00f3 szab\u00e1lyzatot. A weboldal haszn\u00e1lat\u00e1hoz megk\u00e9rhetj\u00fck a felhaszn\u00e1l\u00f3t, hogy kifejezze a jelen felt\u00e9telekkel val\u00f3 egyet\u00e9rt\u00e9s\u00e9t egy konkr\u00e9t, egy\u00e9rtelm\u0171 beleegyez\u00e9s \u00e9rtelm\u0171 cselekv\u00e9ssel (p\u00e9ld\u00e1ul az \u201eElolvastam \u00e9s elfogadom a SZERZ\u0150D\u00c9SI FELT\u00c9TELEK T\u00e1rsas\u00e1g&#8221;).<\/p><p>Egy adott n\u00e9gyzet bejel\u00f6l\u00e9s\u00e9vel a felhaszn\u00e1l\u00f3:<\/p><p>Kifejezetten hozz\u00e1j\u00e1rul valamennyi jelen (\u201eFelhaszn\u00e1l\u00e1si felt\u00e9telek\u201d) pontj\u00e1nak betart\u00e1s\u00e1hoz;<br \/>Tudom\u00e1sul veszi a szem\u00e9lyes adatok kezel\u00e9s\u00e9nek felt\u00e9teleit a T\u00e1rsas\u00e1g Adatv\u00e9delmi Szab\u00e1lyzat\u00e1val \u00f6sszhangban.<br \/>Amennyiben nem \u00e9rt egyet a jelen Felhaszn\u00e1l\u00e1si felt\u00e9telek (bele\u00e9rtve annak b\u00e1rmely friss\u00edt\u00e9s\u00e9t) rendelkez\u00e9seivel, k\u00e9rj\u00fck, ne haszn\u00e1lja a weboldalt, illetve adott esetben hagyja abba annak haszn\u00e1lat\u00e1t.<\/p><p><b>2. A weboldal tartalm\u00e1t \u00e9rint\u0151 v\u00e1ltoz\u00e1sok:<\/b><\/p><p>A PAINTBALL POINT ZERO SRL c\u00e9g fenntartja a jogot, hogy a weboldal tartalm\u00e1t \u00e9s\/vagy szerkezet\u00e9t b\u00e1rmikor, el\u0151zetes t\u00e1j\u00e9koztat\u00e1s n\u00e9lk\u00fcl m\u00f3dos\u00edtsa.<\/p><p><b>3. A garancia hi\u00e1nya \u00e9s a felel\u0151ss\u00e9g kiz\u00e1r\u00e1sa:<\/b><\/p><p>A PAINTBALL POINT ZERO SRL c\u00e9g nem garant\u00e1lja, hogy a weboldalon megjelen\u0151 inform\u00e1ci\u00f3k nem tartalmaznak hib\u00e1kat, b\u00e1r a c\u00e9g mindent megtesz a naprak\u00e9sz \u00e9s pontos inform\u00e1ci\u00f3k tov\u00e1bb\u00edt\u00e1sa \u00e9rdek\u00e9ben.<\/p><p>A PAINTBALL POINT ZERO SRL c\u00e9g jogilag nem tehet\u0151 felel\u0151ss\u00e9 a weboldal felhaszn\u00e1l\u00f3j\u00e1t \u00e9rt, t\u00e9ves inform\u00e1ci\u00f3b\u00f3l ered\u0151 k\u00e1rok\u00e9rt, vesztes\u00e9gek\u00e9rt vagy vesztes\u00e9gek\u00e9rt. A weboldalon tal\u00e1lhat\u00f3 inform\u00e1ci\u00f3k b\u00e1rmikor m\u00f3dos\u00edthat\u00f3k, \u00e9s nem v\u00e1llalunk garanci\u00e1t a k\u00f6zz\u00e9tett inform\u00e1ci\u00f3k pontoss\u00e1g\u00e1\u00e9rt, id\u0151szer\u0171s\u00e9g\u00e9\u00e9rt vagy teljess\u00e9g\u00e9\u00e9rt.<\/p><p>A PAINTBALL POINT ZERO SRL c\u00e9g nem garant\u00e1lja, hogy a weboldal vagy a szerverek, amelyeken ez tal\u00e1lhat\u00f3, mentesek a v\u00edrusokt\u00f3l vagy m\u00e1s potenci\u00e1lisan k\u00e1ros sz\u00e1m\u00edt\u00f3g\u00e9p-\u00f6sszetev\u0151kt\u0151l, nem tartalmaznak hib\u00e1kat, hi\u00e1nyoss\u00e1gokat, hi\u00e1nyoss\u00e1gokat, k\u00e9s\u00e9seket vagy megszak\u00edt\u00e1sokat a m\u0171k\u00f6d\u00e9sben vagy az \u00e1tvitelben, ill. egy\u00e9b hasonl\u00f3 t\u00e9nyez\u0151k.<\/p><p>A felhaszn\u00e1l\u00f3 a weboldalt saj\u00e1t kock\u00e1zat\u00e1ra haszn\u00e1lja, a T\u00e1rsas\u00e1g mentes\u00fcl minden felel\u0151ss\u00e9g al\u00f3l a weboldal haszn\u00e1lat\u00e1val, el\u00e9r\u00e9s\u00e9vel vagy l\u00e1togat\u00e1s\u00e1val okozott k\u00f6zvetlen vagy k\u00f6zvetett k\u00e1rok\u00e9rt.<\/p><p><b>4. Szellemi tulajdonjogok:<\/b><\/p><p>A T\u00e1rsas\u00e1g weboldal\u00e1nak tartalma: k\u00e9pek, sz\u00f6vegek, webgrafik\u00e1k, szkriptek, szoftverek, formatervez\u00e9si jogok, modelljogok, szabadalmak, v\u00e9djegyek stb. a PAINTBALL POINT ZERO SRL vagy munkat\u00e1rsai tulajdon\u00e1t k\u00e9pezik, \u00e9s a szerz\u0151i jogi t\u00f6rv\u00e9ny v\u00e9di. \u00e9s a kapcsol\u00f3d\u00f3 jogok, valamint a szellemi \u00e9s ipari tulajdonr\u00f3l sz\u00f3l\u00f3 t\u00f6rv\u00e9nyek.<\/p><p>A fent felsorolt \u200b\u200belemeknek a T\u00e1rsas\u00e1g \u00edr\u00e1sbeli hozz\u00e1j\u00e1rul\u00e1sa n\u00e9lk\u00fcl t\u00f6rt\u00e9n\u0151 felhaszn\u00e1l\u00e1sa a hat\u00e1lyos jogszab\u00e1lyok szerint b\u00fcntetend\u0151.<\/p><p>B\u00e1rmely \u00e9rdekl\u0151d\u0151, aki szeretne t\u00e1j\u00e9koz\u00f3dni vagy szem\u00e9lyre szabott \u00e1raj\u00e1nlatot k\u00e9rni, k\u00e9rj\u00fck, t\u00f6ltse ki a Kapcsolat men\u00fcpontban tal\u00e1lhat\u00f3 \u0171rlapot, vagy k\u00fcldj\u00f6n e-mailt a contact\\[at]hunsicham.ro c\u00edmre, \u00e9s mi a lehet\u0151 leghamarabb felvessz\u00fck \u00d6nnel a kapcsolatot.<\/p><p id=\"politica-rezervare\"><b>5. Foglal\u00e1si \u00e9s Lemond\u00e1si Szab\u00e1lyzat<\/b><br \/>Szolg\u00e1ltat\u00e1saink kiz\u00e1r\u00f3lag el\u0151zetes id\u0151pontfoglal\u00e1ssal vehet\u0151k ig\u00e9nybe, minden vend\u00e9g sz\u00e1m\u00e1ra szem\u00e9lyre szabott el\u0151k\u00e9sz\u00edt\u00e9ssel.<br \/>A foglal\u00e1skor a v\u00e1lasztott szolg\u00e1ltat\u00e1s (ritu\u00e1l\u00e9, massz\u00e1zs vagy csomag) teljes d\u00edj\u00e1t ki kell fizetni. El\u0151leget nem k\u00e9r\u00fcnk, azonban a befizetett \u00f6sszeg <strong>nem visszat\u00e9r\u00edthet\u0151<\/strong>, mivel:<\/p><ul><li>az id\u0151pontot kiz\u00e1r\u00f3lag sz\u00e1modra foglaljuk le;<\/li><li>a helysz\u00ednt el\u0151re el\u0151k\u00e9sz\u00edtj\u00fck;<\/li><li>terapeut\u00e1ink a meger\u0151s\u00edtett foglal\u00e1sok alapj\u00e1n szervezik munk\u00e1jukat;<\/li><li>a szolg\u00e1ltat\u00e1sok szem\u00e9lyre szabott logisztik\u00e1t \u00e9s hangulatot ig\u00e9nyelnek, amelyek k\u00f6lts\u00e9gekkel j\u00e1rnak akkor is, ha az \u00fcgyf\u00e9l nem jelenik meg.<\/li><\/ul><div>\u00a0<\/div><p>\ud83d\udcc5 Az id\u0151pont m\u00f3dos\u00edt\u00e1sa kiz\u00e1r\u00f3lag el\u0151zetes \u00e9rtes\u00edt\u00e9ssel lehets\u00e9ges.<br data-start=\"160\" data-end=\"163\" \/>Amennyiben nem tudsz megjelenni a lefoglalt id\u0151pontban, lehet\u0151s\u00e9get biztos\u00edtunk az \u00e1tfoglal\u00e1sra egy m\u00e1sik el\u00e9rhet\u0151 id\u0151pontra, kiz\u00e1r\u00f3lag abban az esetben, ha id\u0151ben \u00e9rtes\u00edtesz benn\u00fcnket, az eredeti id\u0151pontot m\u00e1s vend\u00e9g sz\u00e1m\u00e1ra fel tudjuk aj\u00e1nlani.<br data-start=\"414\" data-end=\"417\" \/>Az id\u0151pontot k\u00f6vet\u0151 \u00e9rtes\u00edt\u00e9s nem megjelen\u00e9snek min\u0151s\u00fcl, ebben az esetben a voucher vagy az alkalom felhaszn\u00e1ltnak tekintend\u0151.<br data-start=\"543\" data-end=\"546\" \/>A szolg\u00e1ltat\u00e1s d\u00edj\u00e1t nem \u00e1ll m\u00f3dunkban visszat\u00e9r\u00edteni.<\/p><p>K\u00f6sz\u00f6nj\u00fck a meg\u00e9rt\u00e9st \u00e9s a csapatunk idej\u00e9nek, valamint munk\u00e1j\u00e1nak tiszteletben tart\u00e1s\u00e1t.<\/p><hr \/>\t\t\t\t\t\t\t\t<\/div>\n\t\t\t\t<\/div>\n\t\t\t\t\t<\/div>\n\t\t\t\t<\/div>\n\t\t\t\t<\/div>\n\t\t","protected":false},"excerpt":{"rendered":"<p>Felhaszn\u00e1l\u00e1si felt\u00e9telek 1. Bemutatkoz\u00e1s: Jelen \u00c1ltal\u00e1nos Szerz\u0151d\u00e9si Felt\u00e9telek (&#8222;\u00c1ltal\u00e1nos Szerz\u0151d\u00e9si Felt\u00e9telek&#8221;) szab\u00e1lyozz\u00e1k a PAINTBALL POINT ZERO SRL t\u00e1rsas\u00e1g k\u00f6z\u00f6tti kapcsolatot, amely korl\u00e1tolt felel\u0151ss\u00e9g\u0171 t\u00e1rsas\u00e1g, amelynek sz\u00e9khelye Sepsiszentgy\u00f6rgy Mikes Kelemen utca 21. sz\u00e1m, Kov\u00e1szna megye, Rom\u00e1nia (a tov\u00e1bbiakban: T\u00e1rsas\u00e1g), C\u00e9gjegyz\u00e9kbe bejegyzett Iat\u0103 varianta corect\u0103 \u0219i fluent\u0103 \u00een maghiar\u0103:J14\/278\/2006, C.I.F.\/C.U.I. sz\u00e1ma 18743717, valamint a www.hunsicham.ro weboldalt (a [&hellip;]<\/p>\n","protected":false},"author":1,"featured_media":0,"parent":0,"menu_order":0,"comment_status":"closed","ping_status":"closed","template":"","meta":{"footnotes":""},"class_list":["post-1963","page","type-page","status-publish","hentry"],"yoast_head":"<!-- This site is optimized with the Yoast SEO plugin v27.3 - https:\/\/yoast.com\/product\/yoast-seo-wordpress\/ -->\n<title>Felhaszn\u00e1l\u00e1si felt\u00e9telek - Hunsicham - Masaj, Relax, Tratament - Cluj-Napoca<\/title>\n<meta name=\"robots\" content=\"index, follow, max-snippet:-1, max-image-preview:large, max-video-preview:-1\" \/>\n<link rel=\"canonical\" href=\"https:\/\/hunsicham.ro\/termeni-si-conditii\/\" \/>\n<meta property=\"og:locale\" content=\"hu_HU\" \/>\n<meta property=\"og:type\" content=\"article\" \/>\n<meta property=\"og:title\" content=\"Felhaszn\u00e1l\u00e1si felt\u00e9telek - Hunsicham - Masaj, Relax, Tratament - Cluj-Napoca\" \/>\n<meta property=\"og:description\" content=\"Felhaszn\u00e1l\u00e1si felt\u00e9telek 1. Bemutatkoz\u00e1s: Jelen \u00c1ltal\u00e1nos Szerz\u0151d\u00e9si Felt\u00e9telek (&#8222;\u00c1ltal\u00e1nos Szerz\u0151d\u00e9si Felt\u00e9telek&#8221;) szab\u00e1lyozz\u00e1k a PAINTBALL POINT ZERO SRL t\u00e1rsas\u00e1g k\u00f6z\u00f6tti kapcsolatot, amely korl\u00e1tolt felel\u0151ss\u00e9g\u0171 t\u00e1rsas\u00e1g, amelynek sz\u00e9khelye Sepsiszentgy\u00f6rgy Mikes Kelemen utca 21. sz\u00e1m, Kov\u00e1szna megye, Rom\u00e1nia (a tov\u00e1bbiakban: T\u00e1rsas\u00e1g), C\u00e9gjegyz\u00e9kbe bejegyzett Iat\u0103 varianta corect\u0103 \u0219i fluent\u0103 \u00een maghiar\u0103:J14\/278\/2006, C.I.F.\/C.U.I. sz\u00e1ma 18743717, valamint a www.hunsicham.ro weboldalt (a [&hellip;]\" \/>\n<meta property=\"og:url\" content=\"https:\/\/hunsicham.ro\/termeni-si-conditii\/\" \/>\n<meta property=\"og:site_name\" content=\"Hunsicham - Masaj, Relax, Tratament - Cluj-Napoca\" \/>\n<meta property=\"article:modified_time\" content=\"2026-02-02T11:28:24+00:00\" \/>\n<meta name=\"twitter:card\" content=\"summary_large_image\" \/>\n<meta name=\"twitter:label1\" content=\"Becs\u00fclt olvas\u00e1si id\u0151\" \/>\n\t<meta name=\"twitter:data1\" content=\"4 perc\" \/>\n<script type=\"application\/ld+json\" class=\"yoast-schema-graph\">{\"@context\":\"https:\\\/\\\/schema.org\",\"@graph\":[{\"@type\":\"WebPage\",\"@id\":\"https:\\\/\\\/hunsicham.ro\\\/termeni-si-conditii\\\/\",\"url\":\"https:\\\/\\\/hunsicham.ro\\\/termeni-si-conditii\\\/\",\"name\":\"Felhaszn\u00e1l\u00e1si felt\u00e9telek - Hunsicham - Masaj, Relax, Tratament - Cluj-Napoca\",\"isPartOf\":{\"@id\":\"https:\\\/\\\/hunsicham.ro\\\/#website\"},\"datePublished\":\"2023-11-09T14:32:30+00:00\",\"dateModified\":\"2026-02-02T11:28:24+00:00\",\"breadcrumb\":{\"@id\":\"https:\\\/\\\/hunsicham.ro\\\/termeni-si-conditii\\\/#breadcrumb\"},\"inLanguage\":\"hu\",\"potentialAction\":[{\"@type\":\"ReadAction\",\"target\":[\"https:\\\/\\\/hunsicham.ro\\\/termeni-si-conditii\\\/\"]}]},{\"@type\":\"BreadcrumbList\",\"@id\":\"https:\\\/\\\/hunsicham.ro\\\/termeni-si-conditii\\\/#breadcrumb\",\"itemListElement\":[{\"@type\":\"ListItem\",\"position\":1,\"name\":\"Prima pagin\u0103\",\"item\":\"https:\\\/\\\/hunsicham.ro\\\/\"},{\"@type\":\"ListItem\",\"position\":2,\"name\":\"Felhaszn\u00e1l\u00e1si felt\u00e9telek\"}]},{\"@type\":\"WebSite\",\"@id\":\"https:\\\/\\\/hunsicham.ro\\\/#website\",\"url\":\"https:\\\/\\\/hunsicham.ro\\\/\",\"name\":\"Hunsicham - Masaj, Relax, Tratament - Cluj-Napoca\",\"description\":\"\",\"publisher\":{\"@id\":\"https:\\\/\\\/hunsicham.ro\\\/#organization\"},\"potentialAction\":[{\"@type\":\"SearchAction\",\"target\":{\"@type\":\"EntryPoint\",\"urlTemplate\":\"https:\\\/\\\/hunsicham.ro\\\/?s={search_term_string}\"},\"query-input\":{\"@type\":\"PropertyValueSpecification\",\"valueRequired\":true,\"valueName\":\"search_term_string\"}}],\"inLanguage\":\"hu\"},{\"@type\":\"Organization\",\"@id\":\"https:\\\/\\\/hunsicham.ro\\\/#organization\",\"name\":\"Hunsicham - Masaj, Relax, Tratament - Cluj-Napoca\",\"url\":\"https:\\\/\\\/hunsicham.ro\\\/\",\"logo\":{\"@type\":\"ImageObject\",\"inLanguage\":\"hu\",\"@id\":\"https:\\\/\\\/hunsicham.ro\\\/#\\\/schema\\\/logo\\\/image\\\/\",\"url\":\"https:\\\/\\\/hunsicham.ro\\\/wp-content\\\/uploads\\\/2023\\\/11\\\/hunsicham-LogoArtboard-17.png\",\"contentUrl\":\"https:\\\/\\\/hunsicham.ro\\\/wp-content\\\/uploads\\\/2023\\\/11\\\/hunsicham-LogoArtboard-17.png\",\"width\":2000,\"height\":687,\"caption\":\"Hunsicham - Masaj, Relax, Tratament - Cluj-Napoca\"},\"image\":{\"@id\":\"https:\\\/\\\/hunsicham.ro\\\/#\\\/schema\\\/logo\\\/image\\\/\"}}]}<\/script>\n<!-- \/ Yoast SEO plugin. -->","yoast_head_json":{"title":"Felhaszn\u00e1l\u00e1si felt\u00e9telek - Hunsicham - Masaj, Relax, Tratament - Cluj-Napoca","robots":{"index":"index","follow":"follow","max-snippet":"max-snippet:-1","max-image-preview":"max-image-preview:large","max-video-preview":"max-video-preview:-1"},"canonical":"https:\/\/hunsicham.ro\/termeni-si-conditii\/","og_locale":"hu_HU","og_type":"article","og_title":"Felhaszn\u00e1l\u00e1si felt\u00e9telek - Hunsicham - Masaj, Relax, Tratament - Cluj-Napoca","og_description":"Felhaszn\u00e1l\u00e1si felt\u00e9telek 1. Bemutatkoz\u00e1s: Jelen \u00c1ltal\u00e1nos Szerz\u0151d\u00e9si Felt\u00e9telek (&#8222;\u00c1ltal\u00e1nos Szerz\u0151d\u00e9si Felt\u00e9telek&#8221;) szab\u00e1lyozz\u00e1k a PAINTBALL POINT ZERO SRL t\u00e1rsas\u00e1g k\u00f6z\u00f6tti kapcsolatot, amely korl\u00e1tolt felel\u0151ss\u00e9g\u0171 t\u00e1rsas\u00e1g, amelynek sz\u00e9khelye Sepsiszentgy\u00f6rgy Mikes Kelemen utca 21. sz\u00e1m, Kov\u00e1szna megye, Rom\u00e1nia (a tov\u00e1bbiakban: T\u00e1rsas\u00e1g), C\u00e9gjegyz\u00e9kbe bejegyzett Iat\u0103 varianta corect\u0103 \u0219i fluent\u0103 \u00een maghiar\u0103:J14\/278\/2006, C.I.F.\/C.U.I. sz\u00e1ma 18743717, valamint a www.hunsicham.ro weboldalt (a [&hellip;]","og_url":"https:\/\/hunsicham.ro\/termeni-si-conditii\/","og_site_name":"Hunsicham - Masaj, Relax, Tratament - Cluj-Napoca","article_modified_time":"2026-02-02T11:28:24+00:00","twitter_card":"summary_large_image","twitter_misc":{"Becs\u00fclt olvas\u00e1si id\u0151":"4 perc"},"schema":{"@context":"https:\/\/schema.org","@graph":[{"@type":"WebPage","@id":"https:\/\/hunsicham.ro\/termeni-si-conditii\/","url":"https:\/\/hunsicham.ro\/termeni-si-conditii\/","name":"Felhaszn\u00e1l\u00e1si felt\u00e9telek - Hunsicham - Masaj, Relax, Tratament - Cluj-Napoca","isPartOf":{"@id":"https:\/\/hunsicham.ro\/#website"},"datePublished":"2023-11-09T14:32:30+00:00","dateModified":"2026-02-02T11:28:24+00:00","breadcrumb":{"@id":"https:\/\/hunsicham.ro\/termeni-si-conditii\/#breadcrumb"},"inLanguage":"hu","potentialAction":[{"@type":"ReadAction","target":["https:\/\/hunsicham.ro\/termeni-si-conditii\/"]}]},{"@type":"BreadcrumbList","@id":"https:\/\/hunsicham.ro\/termeni-si-conditii\/#breadcrumb","itemListElement":[{"@type":"ListItem","position":1,"name":"Prima pagin\u0103","item":"https:\/\/hunsicham.ro\/"},{"@type":"ListItem","position":2,"name":"Felhaszn\u00e1l\u00e1si felt\u00e9telek"}]},{"@type":"WebSite","@id":"https:\/\/hunsicham.ro\/#website","url":"https:\/\/hunsicham.ro\/","name":"Hunsicham - Masaj, Relax, Tratament - Cluj-Napoca","description":"","publisher":{"@id":"https:\/\/hunsicham.ro\/#organization"},"potentialAction":[{"@type":"SearchAction","target":{"@type":"EntryPoint","urlTemplate":"https:\/\/hunsicham.ro\/?s={search_term_string}"},"query-input":{"@type":"PropertyValueSpecification","valueRequired":true,"valueName":"search_term_string"}}],"inLanguage":"hu"},{"@type":"Organization","@id":"https:\/\/hunsicham.ro\/#organization","name":"Hunsicham - Masaj, Relax, Tratament - Cluj-Napoca","url":"https:\/\/hunsicham.ro\/","logo":{"@type":"ImageObject","inLanguage":"hu","@id":"https:\/\/hunsicham.ro\/#\/schema\/logo\/image\/","url":"https:\/\/hunsicham.ro\/wp-content\/uploads\/2023\/11\/hunsicham-LogoArtboard-17.png","contentUrl":"https:\/\/hunsicham.ro\/wp-content\/uploads\/2023\/11\/hunsicham-LogoArtboard-17.png","width":2000,"height":687,"caption":"Hunsicham - Masaj, Relax, Tratament - Cluj-Napoca"},"image":{"@id":"https:\/\/hunsicham.ro\/#\/schema\/logo\/image\/"}}]}},"_links":{"self":[{"href":"https:\/\/hunsicham.ro\/hu\/wp-json\/wp\/v2\/pages\/1963","targetHints":{"allow":["GET"]}}],"collection":[{"href":"https:\/\/hunsicham.ro\/hu\/wp-json\/wp\/v2\/pages"}],"about":[{"href":"https:\/\/hunsicham.ro\/hu\/wp-json\/wp\/v2\/types\/page"}],"author":[{"embeddable":true,"href":"https:\/\/hunsicham.ro\/hu\/wp-json\/wp\/v2\/users\/1"}],"replies":[{"embeddable":true,"href":"https:\/\/hunsicham.ro\/hu\/wp-json\/wp\/v2\/comments?post=1963"}],"version-history":[{"count":5,"href":"https:\/\/hunsicham.ro\/hu\/wp-json\/wp\/v2\/pages\/1963\/revisions"}],"predecessor-version":[{"id":3738,"href":"https:\/\/hunsicham.ro\/hu\/wp-json\/wp\/v2\/pages\/1963\/revisions\/3738"}],"wp:attachment":[{"href":"https:\/\/hunsicham.ro\/hu\/wp-json\/wp\/v2\/media?parent=1963"}],"curies":[{"name":"wp","href":"https:\/\/api.w.org\/{rel}","templated":true}]}}