{"id":1948,"date":"2023-11-09T16:36:48","date_gmt":"2023-11-09T14:36:48","guid":{"rendered":"https:\/\/hunsicham.ro\/cookie-kra-vonatkozo-szabalyzat\/"},"modified":"2024-05-27T10:00:19","modified_gmt":"2024-05-27T07:00:19","slug":"cookie-kra-vonatkozo-szabalyzat","status":"publish","type":"page","link":"https:\/\/hunsicham.ro\/hu\/cookie-kra-vonatkozo-szabalyzat\/","title":{"rendered":"Cookie-kra vonatkoz\u00f3 szab\u00e1lyzat"},"content":{"rendered":"\t\t<div data-elementor-type=\"wp-page\" data-elementor-id=\"1948\" class=\"elementor elementor-1948 elementor-1239\" data-elementor-post-type=\"page\">\n\t\t\t\t<div class=\"elementor-element elementor-element-0bb7f47 e-flex e-con-boxed e-con e-parent\" data-id=\"0bb7f47\" data-element_type=\"container\" data-e-type=\"container\">\n\t\t\t\t\t<div class=\"e-con-inner\">\n\t\t\t\t<div class=\"elementor-element elementor-element-2aa8d30 elementor-widget elementor-widget-heading\" data-id=\"2aa8d30\" data-element_type=\"widget\" data-e-type=\"widget\" data-widget_type=\"heading.default\">\n\t\t\t\t<div class=\"elementor-widget-container\">\n\t\t\t\t\t<h2 class=\"elementor-heading-title elementor-size-default\">Cookie-kra vonatkoz\u00f3 szab\u00e1lyzat<\/h2>\t\t\t\t<\/div>\n\t\t\t\t<\/div>\n\t\t\t\t<div class=\"elementor-element elementor-element-b38af93 elementor-widget elementor-widget-text-editor\" data-id=\"b38af93\" data-element_type=\"widget\" data-e-type=\"widget\" data-widget_type=\"text-editor.default\">\n\t\t\t\t<div class=\"elementor-widget-container\">\n\t\t\t\t\t\t\t\t\t<p>PAINTBALL POINT ZERO SRL, rom\u00e1n jogi szem\u00e9ly, sz\u00e9khelye Sepsiszentgy\u00f6rgy, Mikes Kelemen utca 21 sz\u00e1m. A J14\/278\/2006 C\u00e9gjegyz\u00e9kbe t\u00f6rt\u00e9n\u0151 bejegyz\u00e9sr\u0151l, mint adatkezel\u0151 elk\u00fcldj\u00fck \u00d6nnek ezt a T\u00e1j\u00e9koztat\u00f3t, amely bemutatja, hogyan dolgozzuk fel \u00e9s v\u00e9dj\u00fck a szem\u00e9lyes adatokat.<\/p>\n<p><strong>1. MI AZ A COOKIE F\u00c1JL, MILYEN C\u00c9LRA HASZN\u00c1LJ\u00c1K?<\/strong><\/p>\n<p>Weboldalunk cookie-technol\u00f3gi\u00e1t haszn\u00e1l, hogy jobb \u00e9s szem\u00e9lyre szabott webszolg\u00e1ltat\u00e1st k\u00edn\u00e1ljon \u00d6nnek. A Weboldalunkon haszn\u00e1lt s\u00fcti f\u00e1jlok \u00e1ltal t\u00e1rolt adatok soha nem tartalmaznak olyan szem\u00e9lyes adatokat, amelyek alapj\u00e1n az egy\u00e9ni szem\u00e9lyazonoss\u00e1g meg\u00e1llap\u00edthat\u00f3.<\/p>\n<p>A cookie f\u00e1jl egy kis sz\u00f6veges f\u00e1jl, amelyet az \u00d6n b\u00f6ng\u00e9sz\u0151je t\u00e1rol \u00e9s\/vagy olvas a web az eszk\u00f6z merevlemez v\u00e9g\u00e9n (<em>p\u00e9ld\u00e1ul <\/em> sz\u00e1m\u00edt\u00f3g\u00e9pen, laptopon vagy okostelefonon) a megl\u00e1togatott webhelyekt\u0151l f\u00fcgg\u0151en. A cookie-k biztons\u00e1gosabb\u00e1 \u00e9s gyorsabb\u00e1 teszik a webhelyekkel val\u00f3 interakci\u00f3t, mert megjegyzik az \u00d6n be\u00e1ll\u00edt\u00e1sait (<em>pl<\/em>. bejelentkez\u00e9s, nyelv)<\/p>\n<p><strong>2. AZ \u00dcGYF\u00c9L OLDAL\u00c1N HASZN\u00c1LT IDE\u00c1LIS S\u00dcTI F\u00c1JLOK<\/strong><\/p>\n<p>A cookie-f\u00e1jlok haszn\u00e1lat\u00e1nak funkci\u00f3ja \u00e9s c\u00e9lja alapj\u00e1n a k\u00f6vetkez\u0151 kateg\u00f3ri\u00e1kba sorolhat\u00f3k:<\/p>\n<ul>\n<li>A sz\u00fcks\u00e9ges cookie-f\u00e1jlok lehet\u0151v\u00e9 teszik a Weboldalon val\u00f3 navig\u00e1l\u00e1st \u00e9s annak alapvet\u0151 funkci\u00f3inak haszn\u00e1lat\u00e1t. \u00c1ltal\u00e1ban csak az \u00d6n \u00e1ltal v\u00e9grehajtott m\u0171veletek hat\u00e1s\u00e1ra ker\u00fclnek telep\u00edt\u00e9sre amely egyen\u00e9rt\u00e9k\u0171 a szolg\u00e1ltat\u00e1s ir\u00e1nti k\u00e9relemmel. Ezek a f\u00e1jlok n\u00e9lk\u00fcl\u00f6zhetetlenek a Weboldalak haszn\u00e1lat\u00e1hoz.<\/li>\n<li>A marketing \u00e9s a c\u00e9lk\u00f6z\u00f6ns\u00e9g-azonos\u00edt\u00f3 cookie-f\u00e1jlok r\u00f6gz\u00edtik az \u00d6n l\u00e1togat\u00e1s\u00e1t a Weboldalunkon, az \u00d6n \u00e1ltal megl\u00e1togatott oldalakon \u00e9s a megl\u00e1togatott hivatkoz\u00e1sokon. Ezeket az inform\u00e1ci\u00f3kat arra fogjuk haszn\u00e1lni, hogy relev\u00e1nsabb hirdet\u00e9seket biztos\u00edtsunk a k\u00f6vetkez\u0151 sz\u00e1m\u00e1ra Arra is haszn\u00e1lj\u00e1k \u0151ket, hogy korl\u00e1tozz\u00e1k a hirdet\u00e9sek megjelen\u00e9si gyakoris\u00e1g\u00e1t, \u00e9s seg\u00edts\u00e9k a rekl\u00e1mkamp\u00e1nyok hat\u00e9konys\u00e1g\u00e1nak m\u00e9r\u00e9s\u00e9t, ezeket az inform\u00e1ci\u00f3kat megoszthatjuk harmadik felekkel (p\u00e9ld\u00e1ul rekl\u00e1m\u00fcgyn\u00f6ks\u00e9gekkel) ebb\u0151l a c\u00e9lb\u00f3l. Ezen cookie-f\u00e1jlok lej\u00e1rati ideje legfeljebb 2 \u00e9v. A harmadik f\u00e9lt\u0151l sz\u00e1rmaz\u00f3 cookie-k lej\u00e1rati ideje v\u00e1ltozhat, \u00e9s bizonyos esetekben meghaladhatja a 2 \u00e9vet. A cookie-k e kateg\u00f3ri\u00e1j\u00e1val kapcsolatos tov\u00e1bbi r\u00e9szletek\u00e9rt az al\u00e1bbiakban tal\u00e1lhat inform\u00e1ci\u00f3kat a Google Analytics szolg\u00e1ltat\u00e1sr\u00f3l:<\/li>\n<\/ul>\n<p><strong>Google Analytics<\/strong><\/p>\n<p>Az \u00d6n preferenci\u00e1i szerint testreszabott hirdet\u00e9sek \u00e9s marketingtartalom fogad\u00e1sa \u00e9rdek\u00e9ben Weboldalunk a Google \u00e1ltal biztos\u00edtott DoubleClick for Publishers (DFP) \u00e9s Google Ad Exchange technol\u00f3gi\u00e1t haszn\u00e1lja. A cookie-f\u00e1jlok \u00e1ltal a Webhely \u00d6n \u00e1ltali haszn\u00e1lat\u00e1ra vonatkoz\u00f3 inform\u00e1ci\u00f3kat (bele\u00e9rtve az \u00d6n IP-c\u00edm\u00e9t) a Google tov\u00e1bb\u00edtja \u00e9s t\u00e1rolja olyan szervereken, amelyek az EU-ban, az EGT-ben \u00e9s\/vagy az Egyes\u00fclt \u00c1llamokban tal\u00e1lhat\u00f3k. Ezenk\u00edv\u00fcl a Google tov\u00e1bb\u00edthatja ezeket az inform\u00e1ci\u00f3kat harmadik feleknek, ha a t\u00f6rv\u00e9ny \u00e9rtelm\u00e9ben erre k\u00f6teless\u00e9ge van, vagy ha ezek a harmadik felek a Google nev\u00e9ben dolgozz\u00e1k fel az inform\u00e1ci\u00f3kat. A Google nem fogja t\u00e1rs\u00edtani az \u00d6n IP-c\u00edm\u00e9t a Google \u00e1ltal t\u00e1rolt egy\u00e9b adatokkal.<\/p>\n<p>A Google Analytics szolg\u00e1ltat\u00e1ssal \u00e9s a szem\u00e9lyes adatok v\u00e9delm\u00e9vel kapcsolatos r\u00e9szletes inform\u00e1ci\u00f3k (bele\u00e9rtve a Google-nak k\u00fcld\u00f6tt inform\u00e1ci\u00f3k ellen\u0151rz\u00e9s\u00e9nek m\u00f3dj\u00e1t is) a k\u00f6vetkez\u0151 c\u00edmen tal\u00e1lhat\u00f3k: <a href=\"https:\/\/policies.google.com\/privacy\/partners\" target=\"_blank\" rel=\"noopener\">https:\/\/policies.google.com\/privacy\/partners<\/a><\/p>\n<ul>\n<li>A funkcionalit\u00e1si s\u00fctiket arra haszn\u00e1ljuk, hogy felismerj\u00fck \u00d6nt, amikor visszat\u00e9r Weboldalunkra, \u00e9s lehet\u0151v\u00e9 teszik sz\u00e1munkra, hogy tov\u00e1bbfejlesztett \u00e9s szem\u00e9lyre szabottabb funkci\u00f3kat k\u00edn\u00e1ljunk, p\u00e9ld\u00e1ul megjegyezz\u00fck a preferenci\u00e1it. Ezek a cookie-f\u00e1jlok anonim inform\u00e1ci\u00f3kat gy\u0171jtenek, \u00e9s nem tudj\u00e1k nyomon k\u00f6vetni a b\u00f6ng\u00e9sz\u00e9st m\u00e1s weboldalakon. Ezen cookie-f\u00e1jlok lej\u00e1rati ideje legfeljebb 2 \u00e9v.<\/li>\n<li>Az analitikai \u00e9s teljes\u00edtm\u00e9ny cookie-k lehet\u0151v\u00e9 teszik sz\u00e1munkra, hogy felismerj\u00fck \u00e9s megsz\u00e1moljuk a felhaszn\u00e1l\u00f3kat, valamint inform\u00e1ci\u00f3kat gy\u0171jts\u00fcnk a Weboldal haszn\u00e1lat\u00e1r\u00f3l (p\u00e9ld\u00e1ul a felhaszn\u00e1l\u00f3 \u00e1ltal leggyakrabban megnyitott oldalakr\u00f3l, illetve arr\u00f3l, hogy bizonyos oldalakr\u00f3l hiba\u00fczeneteket kap-e). Ez seg\u00edt nek\u00fcnk Webhely\u00fcnk m\u0171k\u00f6d\u00e9s\u00e9nek jav\u00edt\u00e1s\u00e1ban. Ezen cookie f\u00e1jlokat legfeljebb 2 \u00e9vig t\u00e1roljuk. A cookie-k e kateg\u00f3ri\u00e1j\u00e1val kapcsolatos tov\u00e1bbi r\u00e9szletek\u00e9rt az al\u00e1bbiakban tal\u00e1l inform\u00e1ci\u00f3kat;<\/li>\n<\/ul>\n<p>Weboldalaink a Google Analytics szolg\u00e1ltat\u00e1st, a Google \u00e1ltal biztos\u00edtott webelemz\u0151 szolg\u00e1ltat\u00e1st haszn\u00e1lj\u00e1k. A Google Analytics cookie-f\u00e1jlokat haszn\u00e1l, hogy seg\u00edtsen egy bizonyos webhelynek elemezni, hogyan haszn\u00e1lja az adott webhelyet. A cookie-f\u00e1jlok \u00e1ltal gener\u00e1lt inform\u00e1ci\u00f3k az \u00d6n haszn\u00e1lat\u00e1r\u00f3l A Webhely tartalm\u00e1t (bele\u00e9rtve az \u00d6n IP-c\u00edm\u00e9t is) a Google tov\u00e1bb\u00edtja \u00e9s t\u00e1rolja olyan szervereken, amelyek az EU-ban, az EGT-ben \u00e9s\/vagy az Egyes\u00fclt \u00c1llamokban tal\u00e1lhat\u00f3k. A Google ezeket az inform\u00e1ci\u00f3kat az \u00d6n haszn\u00e1lat\u00e1nak \u00e9rt\u00e9kel\u00e9s\u00e9re haszn\u00e1lja fel. pontja szerint, a Weboldal tev\u00e9kenys\u00e9g\u00e9r\u0151l riportokat k\u00e9sz\u00edt a Weboldal \u00fczemeltet\u0151i sz\u00e1m\u00e1ra, valamint a Weboldal tev\u00e9kenys\u00e9g\u00e9vel \u00e9s az Internet haszn\u00e1lat\u00e1val kapcsolatos egy\u00e9b szolg\u00e1ltat\u00e1sokat ny\u00fajt. Ezenk\u00edv\u00fcl a Google tov\u00e1bb\u00edthatja ezeket az inform\u00e1ci\u00f3kat harmadik feleknek, ha a t\u00f6rv\u00e9ny \u00e9rtelm\u00e9ben erre k\u00f6teless\u00e9ge van, vagy ha ezek a harmadik felek a Google nev\u00e9ben dolgozz\u00e1k fel az inform\u00e1ci\u00f3kat. A Google nem t\u00e1rs\u00edtja az \u00d6n IP c\u00edm\u00e9t a Google tulajdon\u00e1ban l\u00e9v\u0151 egy\u00e9b adatokkal.<\/p>\n<p>Leiratkozhat a Google Analytics szolg\u00e1ltat\u00e1sr\u00f3l an\u00e9lk\u00fcl, hogy ez befoly\u00e1soln\u00e1 webhely\u00fcnk l\u00e1togat\u00e1s\u00e1nak m\u00f3dj\u00e1t.<\/p>\n<p>A Google Analytics szolg\u00e1ltat\u00e1ssal \u00e9s a szem\u00e9lyes adatok v\u00e9delm\u00e9vel kapcsolatos r\u00e9szletes inform\u00e1ci\u00f3k (bele\u00e9rtve a Google-nak k\u00fcld\u00f6tt inform\u00e1ci\u00f3k ellen\u0151rz\u00e9s\u00e9nek m\u00f3dj\u00e1t is) a k\u00f6vetkez\u0151 c\u00edmen tal\u00e1lhat\u00f3k: <a href=\"https:\/\/policies.google.com\/privacy\/partners\" target=\"_blank\" rel=\"noopener\">https:\/\/policies.google.com\/privacy\/partners. <\/a><\/p>\n<p>Az ilyen t\u00edpus\u00fa cookie-k \u00e1ltali megfigyel\u00e9s megakad\u00e1lyoz\u00e1sa \u00e9rdek\u00e9ben telep\u00edthet egy b\u0151v\u00edtm\u00e9nyt a b\u00f6ng\u00e9sz\u0151j\u00e9be. web (<a href=\"http:\/\/tools.google.com\/dlpage\/gaoptout\" target=\"_blank\" rel=\"noopener\">http:\/\/tools.google.com\/dlpage\/gaoptout<\/a>).<\/p>\n<p>Egy\u00e9b analitikai \u00e9s teljes\u00edtm\u00e9ny cookie-f\u00e1jlok:<\/p>\n<ul>\n<li>A k\u00f6z\u00f6ss\u00e9gi h\u00e1l\u00f3zatokon tal\u00e1lhat\u00f3 cookie-f\u00e1jlok lehet\u0151v\u00e9 teszik a webhelyen v\u00e9gzett tev\u00e9kenys\u00e9g megoszt\u00e1s\u00e1t k\u00f6z\u00f6ss\u00e9gi oldalakon, p\u00e9ld\u00e1ul a Facebookon \u00e9s a Twitteren. Ezeket a cookie f\u00e1jlokat nem mi ellen\u0151rizz\u00fck. A cookie-k e kateg\u00f3ri\u00e1j\u00e1val kapcsolatos tov\u00e1bbi r\u00e9szletek\u00e9rt l\u00e1sd az al\u00e1bbi 6. szakaszt.<\/li>\n<li>M\u00e1s t\u00edpus\u00fa cookie-f\u00e1jlok, amelyek k\u00e9s\u0151bb felhaszn\u00e1lhat\u00f3k. Friss\u00edtett ir\u00e1nyelveinken kereszt\u00fcl t\u00e1j\u00e9koztatjuk \u00d6nt, ha b\u00e1rmilyen m\u00e1s t\u00edpus\u00fa cookie-t haszn\u00e1lnak.<\/li>\n<li>Felh\u00edvjuk figyelm\u00e9t, hogy a PAINTBALL POINT ZERO SRL harmadik f\u00e9lt\u0151l sz\u00e1rmaz\u00f3 szolg\u00e1ltat\u00e1sokat vesz ig\u00e9nybe, hogy inform\u00e1ci\u00f3kat szerezzen az \u00d6n haszn\u00e1lat\u00e1r\u00f3l. oldalunkon, hogy optimaliz\u00e1lja az \u00e9lm\u00e9nyt. a felhaszn\u00e1l\u00f3 sz\u00e1m\u00e1ra, \u00e9s rekl\u00e1mokat mutassunk be a Webhelyeinken k\u00edv\u00fcl.<\/li>\n<\/ul>\n<p><strong>3. HOGYAN KEZELHET\u0150 A COOKIE F\u00c1JLOKAT<\/strong><\/p>\n<p>A cookie-f\u00e1jlokkal kapcsolatos hozz\u00e1j\u00e1rul\u00e1s\u00e1t b\u00e1rmikor visszavonhatja. Ebb\u0151l a c\u00e9lb\u00f3l letilthatja vagy elt\u00e1vol\u00edthatja a cookie-kat a b\u00f6ng\u00e9sz\u0151 be\u00e1ll\u00edt\u00e1saiban. interneten vagy harmadik f\u00e9l \u00e1ltal biztos\u00edtott szoftver haszn\u00e1lat\u00e1val, vagy a cookie-kateg\u00f3ri\u00e1kra vonatkoz\u00f3, a k\u00f6vetkez\u0151 szakaszokban tal\u00e1lhat\u00f3 utas\u00edt\u00e1sok k\u00f6vet\u00e9s\u00e9vel. Mindenesetre probl\u00e9m\u00e1k mer\u00fclhetnek fel a weboldal egyes r\u00e9szeinek haszn\u00e1lat\u00e1val kapcsolatban, ha letiltja a cookie-kat.<\/p>\n<p>Ha t\u00f6r\u00f6lni szeretn\u00e9 az eszk\u00f6zein t\u00e1rolt cookie f\u00e1jlokat \u00e9s konfigur\u00e1lja a b\u00f6ng\u00e9sz\u0151t a cookie-f\u00e1jlok visszautas\u00edt\u00e1sa \u00e9rdek\u00e9ben haszn\u00e1lhatja a b\u00f6ng\u00e9sz\u0151 be\u00e1ll\u00edt\u00e1sait. A cookie-f\u00e1jlokkal kapcsolatos b\u00f6ng\u00e9sz\u0151be\u00e1ll\u00edt\u00e1sokat \u00e1ltal\u00e1ban a Weboldalaink el\u00e9r\u00e9s\u00e9hez haszn\u00e1lt webb\u00f6ng\u00e9sz\u0151 \u201eOpci\u00f3k\u201d, \u201eEszk\u00f6z\u00f6k\u201d vagy \u201eBe\u00e1ll\u00edt\u00e1sok\u201d men\u00fcj\u00e9ben tal\u00e1lhatja meg. A megl\u00e9v\u0151 webb\u00f6ng\u00e9sz\u0151kt\u0151l f\u00fcgg\u0151en k\u00fcl\u00f6nb\u00f6z\u0151 m\u00f3dok haszn\u00e1lhat\u00f3k a cookie-k letilt\u00e1s\u00e1ra. Tov\u00e1bbi inform\u00e1ci\u00f3\u00e9rt l\u00e1togassa meg b\u00f6ng\u00e9sz\u0151je webhely\u00e9t:<\/p>\n<ul>\n<li>Cookie-be\u00e1ll\u00edt\u00e1sok az Internet Explorerben &#8211; <a href=\"https:\/\/support.microsoft.com\/en-us\/help\/17442\/windows-internet-explorer-delete-manage-cookies#ie=ie-11\" target=\"_blank\" rel=\"noopener\">Internet Explorer;<\/a><\/li>\n<li>Cookie-be\u00e1ll\u00edt\u00e1sok a Firefoxban &#8211; <a href=\"https:\/\/support.mozilla.org\/en-US\/kb\/enable-and-disable-cookies-website-preferences\" target=\"_blank\" rel=\"noopener\">Firefox<\/a>;<\/li>\n<li>Cookie-be\u00e1ll\u00edt\u00e1sok a Chrome-ban \u2013 <a href=\"https:\/\/support.google.com\/chrome\/answer\/95647?hl=en&amp;hlrm=en\" target=\"_blank\" rel=\"noopener\">Chrome<\/a>;<\/li>\n<li>Cookie-be\u00e1ll\u00edt\u00e1sok a Safariban \u2013 <a href=\"https:\/\/support.apple.com\/guide\/safari\/manage-cookies-and-website-data-sfri11471\/mac\" target=\"_blank\" rel=\"noopener\">Safari<\/a>;<\/li>\n<li>Cookie-be\u00e1ll\u00edt\u00e1sok az Edge-ben \u2013 <a href=\"https:\/\/privacy.microsoft.com\/en-us\/windows-10-microsoft-edge-and-privacy\" target=\"_blank\" rel=\"noopener\">Edge<\/a>;<\/li>\n<li>Cookie-be\u00e1ll\u00edt\u00e1sok az Opera-ban &#8211; <a href=\"https:\/\/www.opera.com\/help\/tutorials\/security\/privacy\/\" target=\"_blank\" rel=\"noopener\">Opera<\/a>.<\/li>\n<\/ul>\n<p>Ha t\u00f6bbet szeretne megtudni a cookie-kr\u00f3l, l\u00e1togasson el a <a href=\"http:\/\/www.allaboutcookies.org\/\" target=\"_blank\" rel=\"noopener\">www.allaboutcookies.org<\/a> oldalra vagy a <a href=\"http:\/\/www.youronlinechoices.eu\/\" target=\"_blank\" rel=\"noopener\">www.youronlinechoices.eu<\/a> webhelyre, amely tov\u00e1bbi inform\u00e1ci\u00f3kat tartalmaz a viselked\u00e9salap\u00fa hirdet\u00e9sekr\u0151l \u00e9s az online adatv\u00e9delemr\u0151l.<\/p>\n<p><strong>4. SZOCI\u00c1LIS H\u00c1L\u00d3ZATOK S\u00dcTI F\u00c1JLOK<\/strong><\/p>\n<p>Egyes webhelyeinken az ezeken a webhelyeken kereszt\u00fcl alkalmaz\u00e1sokat biztos\u00edt\u00f3 harmadik felek saj\u00e1t cookie-f\u00e1jlokat helyezhetnek el annak \u00e9rdek\u00e9ben, hogy figyelemmel k\u00eds\u00e9rj\u00e9k alkalmaz\u00e1saik teljes\u00edtm\u00e9ny\u00e9t vagy szem\u00e9lyre szabj\u00e1k ezeket az alkalmaz\u00e1sokat. Ha p\u00e9ld\u00e1ul megoszt egy cikket a k\u00f6z\u00f6ss\u00e9gi h\u00e1l\u00f3zatok (p\u00e9ld\u00e1ul Facebook vagy Twitter) megoszt\u00e1si gombj\u00e1val, amely el\u00e9rhet\u0151 egy webhelyen, az adott gombhoz t\u00e1rs\u00edtott k\u00f6z\u00f6ss\u00e9gi h\u00e1l\u00f3zati platform r\u00f6gz\u00edti ezt. Egyes webhelyeken integr\u00e1lt (&#8222;be\u00e1gyazott&#8221;) tartalom is lehet, p\u00e9ld\u00e1ul harmadik felek, p\u00e9ld\u00e1ul a YouTube vide\u00f3tartalma, \u00e9s ebben az esetben ezek a harmadik felek saj\u00e1t cookie-f\u00e1jlokat helyezhetnek el.<\/p>\n<p>Az ilyen cookie-f\u00e1jlokhoz a PAINTBALL POINT ZERO SRL nem f\u00e9rhet hozz\u00e1.<\/p>\n\t\t\t\t\t\t\t\t<\/div>\n\t\t\t\t<\/div>\n\t\t\t\t\t<\/div>\n\t\t\t\t<\/div>\n\t\t\t\t<\/div>\n\t\t","protected":false},"excerpt":{"rendered":"<p>Cookie-kra vonatkoz\u00f3 szab\u00e1lyzat PAINTBALL POINT ZERO SRL, rom\u00e1n jogi szem\u00e9ly, sz\u00e9khelye Sepsiszentgy\u00f6rgy, Mikes Kelemen utca 21 sz\u00e1m. A J14\/278\/2006 C\u00e9gjegyz\u00e9kbe t\u00f6rt\u00e9n\u0151 bejegyz\u00e9sr\u0151l, mint adatkezel\u0151 elk\u00fcldj\u00fck \u00d6nnek ezt a T\u00e1j\u00e9koztat\u00f3t, amely bemutatja, hogyan dolgozzuk fel \u00e9s v\u00e9dj\u00fck a szem\u00e9lyes adatokat. 1. MI AZ A COOKIE F\u00c1JL, MILYEN C\u00c9LRA HASZN\u00c1LJ\u00c1K? Weboldalunk cookie-technol\u00f3gi\u00e1t haszn\u00e1l, hogy jobb \u00e9s szem\u00e9lyre [&hellip;]<\/p>\n","protected":false},"author":1,"featured_media":0,"parent":0,"menu_order":0,"comment_status":"closed","ping_status":"closed","template":"","meta":{"footnotes":""},"class_list":["post-1948","page","type-page","status-publish","hentry"],"yoast_head":"<!-- This site is optimized with the Yoast SEO plugin v27.3 - https:\/\/yoast.com\/product\/yoast-seo-wordpress\/ -->\n<title>Cookie-kra vonatkoz\u00f3 szab\u00e1lyzat - Hunsicham - Masaj, Relax, Tratament - Cluj-Napoca<\/title>\n<meta name=\"robots\" content=\"index, follow, max-snippet:-1, max-image-preview:large, max-video-preview:-1\" \/>\n<link rel=\"canonical\" href=\"https:\/\/hunsicham.ro\/politica-de-cookies\/\" \/>\n<meta property=\"og:locale\" content=\"hu_HU\" \/>\n<meta property=\"og:type\" content=\"article\" \/>\n<meta property=\"og:title\" content=\"Cookie-kra vonatkoz\u00f3 szab\u00e1lyzat - Hunsicham - Masaj, Relax, Tratament - Cluj-Napoca\" \/>\n<meta property=\"og:description\" content=\"Cookie-kra vonatkoz\u00f3 szab\u00e1lyzat PAINTBALL POINT ZERO SRL, rom\u00e1n jogi szem\u00e9ly, sz\u00e9khelye Sepsiszentgy\u00f6rgy, Mikes Kelemen utca 21 sz\u00e1m. A J14\/278\/2006 C\u00e9gjegyz\u00e9kbe t\u00f6rt\u00e9n\u0151 bejegyz\u00e9sr\u0151l, mint adatkezel\u0151 elk\u00fcldj\u00fck \u00d6nnek ezt a T\u00e1j\u00e9koztat\u00f3t, amely bemutatja, hogyan dolgozzuk fel \u00e9s v\u00e9dj\u00fck a szem\u00e9lyes adatokat. 1. MI AZ A COOKIE F\u00c1JL, MILYEN C\u00c9LRA HASZN\u00c1LJ\u00c1K? Weboldalunk cookie-technol\u00f3gi\u00e1t haszn\u00e1l, hogy jobb \u00e9s szem\u00e9lyre [&hellip;]\" \/>\n<meta property=\"og:url\" content=\"https:\/\/hunsicham.ro\/politica-de-cookies\/\" \/>\n<meta property=\"og:site_name\" content=\"Hunsicham - Masaj, Relax, Tratament - Cluj-Napoca\" \/>\n<meta property=\"article:modified_time\" content=\"2024-05-27T07:00:19+00:00\" \/>\n<meta name=\"twitter:card\" content=\"summary_large_image\" \/>\n<meta name=\"twitter:label1\" content=\"Becs\u00fclt olvas\u00e1si id\u0151\" \/>\n\t<meta name=\"twitter:data1\" content=\"9 perc\" \/>\n<script type=\"application\/ld+json\" class=\"yoast-schema-graph\">{\"@context\":\"https:\\\/\\\/schema.org\",\"@graph\":[{\"@type\":\"WebPage\",\"@id\":\"https:\\\/\\\/hunsicham.ro\\\/politica-de-cookies\\\/\",\"url\":\"https:\\\/\\\/hunsicham.ro\\\/politica-de-cookies\\\/\",\"name\":\"Cookie-kra vonatkoz\u00f3 szab\u00e1lyzat - Hunsicham - Masaj, Relax, Tratament - Cluj-Napoca\",\"isPartOf\":{\"@id\":\"https:\\\/\\\/hunsicham.ro\\\/#website\"},\"datePublished\":\"2023-11-09T14:36:48+00:00\",\"dateModified\":\"2024-05-27T07:00:19+00:00\",\"breadcrumb\":{\"@id\":\"https:\\\/\\\/hunsicham.ro\\\/politica-de-cookies\\\/#breadcrumb\"},\"inLanguage\":\"hu\",\"potentialAction\":[{\"@type\":\"ReadAction\",\"target\":[\"https:\\\/\\\/hunsicham.ro\\\/politica-de-cookies\\\/\"]}]},{\"@type\":\"BreadcrumbList\",\"@id\":\"https:\\\/\\\/hunsicham.ro\\\/politica-de-cookies\\\/#breadcrumb\",\"itemListElement\":[{\"@type\":\"ListItem\",\"position\":1,\"name\":\"Prima pagin\u0103\",\"item\":\"https:\\\/\\\/hunsicham.ro\\\/\"},{\"@type\":\"ListItem\",\"position\":2,\"name\":\"Cookie-kra vonatkoz\u00f3 szab\u00e1lyzat\"}]},{\"@type\":\"WebSite\",\"@id\":\"https:\\\/\\\/hunsicham.ro\\\/#website\",\"url\":\"https:\\\/\\\/hunsicham.ro\\\/\",\"name\":\"Hunsicham - Masaj, Relax, Tratament - Cluj-Napoca\",\"description\":\"\",\"publisher\":{\"@id\":\"https:\\\/\\\/hunsicham.ro\\\/#organization\"},\"potentialAction\":[{\"@type\":\"SearchAction\",\"target\":{\"@type\":\"EntryPoint\",\"urlTemplate\":\"https:\\\/\\\/hunsicham.ro\\\/?s={search_term_string}\"},\"query-input\":{\"@type\":\"PropertyValueSpecification\",\"valueRequired\":true,\"valueName\":\"search_term_string\"}}],\"inLanguage\":\"hu\"},{\"@type\":\"Organization\",\"@id\":\"https:\\\/\\\/hunsicham.ro\\\/#organization\",\"name\":\"Hunsicham - Masaj, Relax, Tratament - Cluj-Napoca\",\"url\":\"https:\\\/\\\/hunsicham.ro\\\/\",\"logo\":{\"@type\":\"ImageObject\",\"inLanguage\":\"hu\",\"@id\":\"https:\\\/\\\/hunsicham.ro\\\/#\\\/schema\\\/logo\\\/image\\\/\",\"url\":\"https:\\\/\\\/hunsicham.ro\\\/wp-content\\\/uploads\\\/2023\\\/11\\\/hunsicham-LogoArtboard-17.png\",\"contentUrl\":\"https:\\\/\\\/hunsicham.ro\\\/wp-content\\\/uploads\\\/2023\\\/11\\\/hunsicham-LogoArtboard-17.png\",\"width\":2000,\"height\":687,\"caption\":\"Hunsicham - Masaj, Relax, Tratament - Cluj-Napoca\"},\"image\":{\"@id\":\"https:\\\/\\\/hunsicham.ro\\\/#\\\/schema\\\/logo\\\/image\\\/\"}}]}<\/script>\n<!-- \/ Yoast SEO plugin. -->","yoast_head_json":{"title":"Cookie-kra vonatkoz\u00f3 szab\u00e1lyzat - Hunsicham - Masaj, Relax, Tratament - Cluj-Napoca","robots":{"index":"index","follow":"follow","max-snippet":"max-snippet:-1","max-image-preview":"max-image-preview:large","max-video-preview":"max-video-preview:-1"},"canonical":"https:\/\/hunsicham.ro\/politica-de-cookies\/","og_locale":"hu_HU","og_type":"article","og_title":"Cookie-kra vonatkoz\u00f3 szab\u00e1lyzat - Hunsicham - Masaj, Relax, Tratament - Cluj-Napoca","og_description":"Cookie-kra vonatkoz\u00f3 szab\u00e1lyzat PAINTBALL POINT ZERO SRL, rom\u00e1n jogi szem\u00e9ly, sz\u00e9khelye Sepsiszentgy\u00f6rgy, Mikes Kelemen utca 21 sz\u00e1m. A J14\/278\/2006 C\u00e9gjegyz\u00e9kbe t\u00f6rt\u00e9n\u0151 bejegyz\u00e9sr\u0151l, mint adatkezel\u0151 elk\u00fcldj\u00fck \u00d6nnek ezt a T\u00e1j\u00e9koztat\u00f3t, amely bemutatja, hogyan dolgozzuk fel \u00e9s v\u00e9dj\u00fck a szem\u00e9lyes adatokat. 1. MI AZ A COOKIE F\u00c1JL, MILYEN C\u00c9LRA HASZN\u00c1LJ\u00c1K? Weboldalunk cookie-technol\u00f3gi\u00e1t haszn\u00e1l, hogy jobb \u00e9s szem\u00e9lyre [&hellip;]","og_url":"https:\/\/hunsicham.ro\/politica-de-cookies\/","og_site_name":"Hunsicham - Masaj, Relax, Tratament - Cluj-Napoca","article_modified_time":"2024-05-27T07:00:19+00:00","twitter_card":"summary_large_image","twitter_misc":{"Becs\u00fclt olvas\u00e1si id\u0151":"9 perc"},"schema":{"@context":"https:\/\/schema.org","@graph":[{"@type":"WebPage","@id":"https:\/\/hunsicham.ro\/politica-de-cookies\/","url":"https:\/\/hunsicham.ro\/politica-de-cookies\/","name":"Cookie-kra vonatkoz\u00f3 szab\u00e1lyzat - Hunsicham - Masaj, Relax, Tratament - Cluj-Napoca","isPartOf":{"@id":"https:\/\/hunsicham.ro\/#website"},"datePublished":"2023-11-09T14:36:48+00:00","dateModified":"2024-05-27T07:00:19+00:00","breadcrumb":{"@id":"https:\/\/hunsicham.ro\/politica-de-cookies\/#breadcrumb"},"inLanguage":"hu","potentialAction":[{"@type":"ReadAction","target":["https:\/\/hunsicham.ro\/politica-de-cookies\/"]}]},{"@type":"BreadcrumbList","@id":"https:\/\/hunsicham.ro\/politica-de-cookies\/#breadcrumb","itemListElement":[{"@type":"ListItem","position":1,"name":"Prima pagin\u0103","item":"https:\/\/hunsicham.ro\/"},{"@type":"ListItem","position":2,"name":"Cookie-kra vonatkoz\u00f3 szab\u00e1lyzat"}]},{"@type":"WebSite","@id":"https:\/\/hunsicham.ro\/#website","url":"https:\/\/hunsicham.ro\/","name":"Hunsicham - Masaj, Relax, Tratament - Cluj-Napoca","description":"","publisher":{"@id":"https:\/\/hunsicham.ro\/#organization"},"potentialAction":[{"@type":"SearchAction","target":{"@type":"EntryPoint","urlTemplate":"https:\/\/hunsicham.ro\/?s={search_term_string}"},"query-input":{"@type":"PropertyValueSpecification","valueRequired":true,"valueName":"search_term_string"}}],"inLanguage":"hu"},{"@type":"Organization","@id":"https:\/\/hunsicham.ro\/#organization","name":"Hunsicham - Masaj, Relax, Tratament - Cluj-Napoca","url":"https:\/\/hunsicham.ro\/","logo":{"@type":"ImageObject","inLanguage":"hu","@id":"https:\/\/hunsicham.ro\/#\/schema\/logo\/image\/","url":"https:\/\/hunsicham.ro\/wp-content\/uploads\/2023\/11\/hunsicham-LogoArtboard-17.png","contentUrl":"https:\/\/hunsicham.ro\/wp-content\/uploads\/2023\/11\/hunsicham-LogoArtboard-17.png","width":2000,"height":687,"caption":"Hunsicham - Masaj, Relax, Tratament - Cluj-Napoca"},"image":{"@id":"https:\/\/hunsicham.ro\/#\/schema\/logo\/image\/"}}]}},"_links":{"self":[{"href":"https:\/\/hunsicham.ro\/hu\/wp-json\/wp\/v2\/pages\/1948","targetHints":{"allow":["GET"]}}],"collection":[{"href":"https:\/\/hunsicham.ro\/hu\/wp-json\/wp\/v2\/pages"}],"about":[{"href":"https:\/\/hunsicham.ro\/hu\/wp-json\/wp\/v2\/types\/page"}],"author":[{"embeddable":true,"href":"https:\/\/hunsicham.ro\/hu\/wp-json\/wp\/v2\/users\/1"}],"replies":[{"embeddable":true,"href":"https:\/\/hunsicham.ro\/hu\/wp-json\/wp\/v2\/comments?post=1948"}],"version-history":[{"count":1,"href":"https:\/\/hunsicham.ro\/hu\/wp-json\/wp\/v2\/pages\/1948\/revisions"}],"predecessor-version":[{"id":1949,"href":"https:\/\/hunsicham.ro\/hu\/wp-json\/wp\/v2\/pages\/1948\/revisions\/1949"}],"wp:attachment":[{"href":"https:\/\/hunsicham.ro\/hu\/wp-json\/wp\/v2\/media?parent=1948"}],"curies":[{"name":"wp","href":"https:\/\/api.w.org\/{rel}","templated":true}]}}